{"id":8448,"date":"2019-04-21T10:50:20","date_gmt":"2019-04-21T08:50:20","guid":{"rendered":"https:\/\/aa-pnh.org\/?page_id=8448"},"modified":"2025-10-19T15:30:36","modified_gmt":"2025-10-19T13:30:36","slug":"function-of-the-bone-marrow","status":"publish","type":"page","link":"https:\/\/aa-pnh.org\/es\/diseases\/function-of-the-bone-marrow\/","title":{"rendered":"Funci\u00f3n de la m\u00e9dula \u00f3sea"},"content":{"rendered":"<h1><span style=\"color: #9e0e6d;\">Funci\u00f3n de la m\u00e9dula \u00f3sea<\/span><\/h1>\n<p><!-- Inhalt --><\/p>\n<h4><a href=\"#kmfunktion\">1 Funci\u00f3n de la m\u00e9dula \u00f3sea<\/a><\/h4>\n<h4><a href=\"#kmstammzelle\">2 Las c\u00e9lulas madre de la m\u00e9dula \u00f3sea y su entorno<\/a><\/h4>\n<h4><a href=\"#kmstoerung\">3 Disfunciones de la m\u00e9dula \u00f3sea (insuficiencia medular)<\/a><\/h4>\n<p>&nbsp;<\/p>\n<p>Se trata de una traducci\u00f3n autom\u00e1tica. Nuestros textos no sustituyen la consulta con un m\u00e9dico. Si es posible, consulte siempre a uno de nuestros especialistas.<\/p>\n<h2><a name=\"kmfunktion\"><\/a><span style=\"color: #9e0e6d;\">1 Funci\u00f3n de la m\u00e9dula \u00f3sea<\/span><\/h2>\n<p>En el interior de los huesos planos se encuentra la m\u00e9dula \u00f3sea, donde se producen todas las c\u00e9lulas sangu\u00edneas. Se distinguen tres series de c\u00e9lulas: <strong>gl\u00f3bulos rojos<\/strong> (<em>Erythrozyten<\/em>), <strong>gl\u00f3bulos blancos<\/strong> (<em>Leukozyten<\/em>) y <strong>plaquetas<\/strong> (<em>Thrombozyten<\/em>).<\/p>\n<ul>\n<li>Los <strong>gl\u00f3bulos rojos <\/strong>contienen la <em>hemoglobina<\/em>, que les da su caracter\u00edstico color rojo. La <em>hemoglobina<\/em> es importante para transportar ox\u00edgeno desde los pulmones hasta los tejidos corporales (<em>tejidos<\/em> perif\u00e9ricos) y para transportar di\u00f3xido de carbono desde la <em>periferia<\/em> hasta los pulmones.<\/li>\n<\/ul>\n<ul>\n<li>Los <strong>gl\u00f3bulos blancos <\/strong>sirven para la defensa inmunol\u00f3gica y protegen al organismo frente a infecciones, por ejemplo, por virus, bacterias y hongos. Se deviden en <em>granulocitos<\/em> y <em>linfocitos<\/em>.<\/li>\n<li>Las\u00a0<strong>plaquetas<\/strong> son importantes para coagulaci\u00f3n de la sangre.<\/li>\n<\/ul>\n<p>La m\u00e9dula \u00f3sea produce constantemente nuevas c\u00e9lulas sangu\u00edneas que, tras un proceso de maduraci\u00f3n, pasan a la sangre (v\u00e9ase la ilustraci\u00f3n 1). Tienen una vida \u00fatil limitada: La de los <em>eritrocitos<\/em> es de aproximadamente 4 meses, la de los <em>leucocitos<\/em> de solo unas horas y la de los <em>trombocitos<\/em> unos d\u00edas.<\/p>\n<div id=\"attachment_8466\" style=\"width: 510px\" class=\"wp-caption alignnone\"><img loading=\"lazy\" decoding=\"async\" aria-describedby=\"caption-attachment-8466\" class=\"wp-image-8466 size-large\" src=\"https:\/\/aa-pnh.org\/wp-content\/uploads\/\/White-Black-And-Red-Modern-Clean-Business-Creative-Marketing-Webinar-Instagram-Post-1-1-500x500.png\" alt=\"\" width=\"500\" height=\"500\" srcset=\"https:\/\/aa-pnh.org\/wp-content\/uploads\/White-Black-And-Red-Modern-Clean-Business-Creative-Marketing-Webinar-Instagram-Post-1-1-500x500.png 500w, https:\/\/aa-pnh.org\/wp-content\/uploads\/White-Black-And-Red-Modern-Clean-Business-Creative-Marketing-Webinar-Instagram-Post-1-1-300x300.png 300w, https:\/\/aa-pnh.org\/wp-content\/uploads\/White-Black-And-Red-Modern-Clean-Business-Creative-Marketing-Webinar-Instagram-Post-1-1-100x100.png 100w, https:\/\/aa-pnh.org\/wp-content\/uploads\/White-Black-And-Red-Modern-Clean-Business-Creative-Marketing-Webinar-Instagram-Post-1-1-768x768.png 768w, https:\/\/aa-pnh.org\/wp-content\/uploads\/White-Black-And-Red-Modern-Clean-Business-Creative-Marketing-Webinar-Instagram-Post-1-1-1536x1536.png 1536w, https:\/\/aa-pnh.org\/wp-content\/uploads\/White-Black-And-Red-Modern-Clean-Business-Creative-Marketing-Webinar-Instagram-Post-1-1-550x550.png 550w, https:\/\/aa-pnh.org\/wp-content\/uploads\/White-Black-And-Red-Modern-Clean-Business-Creative-Marketing-Webinar-Instagram-Post-1-1-1000x1000.png 1000w, https:\/\/aa-pnh.org\/wp-content\/uploads\/White-Black-And-Red-Modern-Clean-Business-Creative-Marketing-Webinar-Instagram-Post-1-1-700x700.png 700w, https:\/\/aa-pnh.org\/wp-content\/uploads\/White-Black-And-Red-Modern-Clean-Business-Creative-Marketing-Webinar-Instagram-Post-1-1-1100x1100.png 1100w, https:\/\/aa-pnh.org\/wp-content\/uploads\/White-Black-And-Red-Modern-Clean-Business-Creative-Marketing-Webinar-Instagram-Post-1-1.png 1620w\" sizes=\"auto, (max-width: 500px) 100vw, 500px\" \/><p id=\"caption-attachment-8466\" class=\"wp-caption-text\">Funci\u00f3n de la m\u00e9dula \u00f3sea: representaci\u00f3n esquem\u00e1tica de la formaci\u00f3n de la sangre.<\/p><\/div>\n<p>Normalmente, los mecanismos reguladores producen tantas c\u00e9lulas sangu\u00edneas nuevas como necesita el organismo. De este modo, se puede aumentar la producci\u00f3n de gl\u00f3bulos rojos cuando su n\u00famero se reduce, por ejemplo, debido a una &lt;emanemia o una hemorragia. Si el organismo tiene que combatir una infecci\u00f3n, la m\u00e9dula \u00f3sea produce m\u00e1s gl\u00f3bulos blancos.<\/p>\n<p>&nbsp;<\/p>\n<h2><a name=\"kmstammzelle\"><\/a><span style=\"color: #9e0e6d;\">2 Las c\u00e9lulas madre de la m\u00e9dula \u00f3sea y su entorno<\/span><\/h2>\n<p>La m\u00e9dula \u00f3sea contiene una cantidad muy peque\u00f1a de c\u00e9lulas madre sangu\u00edneas, a partir de las cuales se forman nuevas c\u00e9lulas sangu\u00edneas. No solo se producen c\u00e9lulas completamente maduras, sino tambi\u00e9n nuevas c\u00e9lulas madre, con el fin de mantener este ciclo constante de regeneraci\u00f3n.<\/p>\n<p>Si la c\u00e9lula madre no presenta da\u00f1os y el entorno de la c\u00e9lula madre, el denominado nicho de c\u00e9lulas madre, est\u00e1 intacto, puede tener lugar una producci\u00f3n normal de c\u00e9lulas sangu\u00edneas y c\u00e9lulas madre sanas. Si solo uno de los dos componentes presenta un defecto, se produce una alteraci\u00f3n en la producci\u00f3n celular que puede llegar a provocar un fallo completo de la m\u00e9dula \u00f3sea.<\/p>\n<p>&nbsp;<\/p>\n<h2><a name=\"kmstoerung\"><\/a><span style=\"color: #9e0e6d;\">3 Disfunciones de la m\u00e9dula \u00f3sea<\/span><\/h2>\n<p>Si la producci\u00f3n celular en la m\u00e9dula \u00f3sea se ve alterada, no se puede producir una cantidad suficiente de c\u00e9lulas sangu\u00edneas <em>(hipoplasia de la m\u00e9dula \u00f3sea)<\/em>. Dependiendo de si la formaci\u00f3n de <em>eritrocitos<\/em>, <em>leucocitos <\/em>o <em>trombocitos <\/em>se ve alterada, aparecen s\u00edntomas como palidez, propensi\u00f3n a las infecciones o hemorragias. Si se altera la formaci\u00f3n de las tres series de c\u00e9lulas <em>(pancitopenia)<\/em>, se habla de insuficiencia medular <em>(<\/em>aplasia medular<em>).<\/em><\/p>\n","protected":false},"excerpt":{"rendered":"<p>Funci\u00f3n de la m\u00e9dula \u00f3sea 1 Funci\u00f3n de la m\u00e9dula \u00f3sea 2 Las c\u00e9lulas madre de la m\u00e9dula \u00f3sea y su entorno 3 Disfunciones de la m\u00e9dula \u00f3sea (insuficiencia medular) &nbsp; Se trata de una traducci\u00f3n autom\u00e1tica. Nuestros textos no sustituyen la consulta con un&#8230;<\/p>\n","protected":false},"author":12,"featured_media":0,"parent":8608,"menu_order":25,"comment_status":"closed","ping_status":"closed","template":"","meta":{"footnotes":""},"class_list":["post-8448","page","type-page","status-publish","hentry"],"_links":{"self":[{"href":"https:\/\/aa-pnh.org\/es\/wp-json\/wp\/v2\/pages\/8448","targetHints":{"allow":["GET"]}}],"collection":[{"href":"https:\/\/aa-pnh.org\/es\/wp-json\/wp\/v2\/pages"}],"about":[{"href":"https:\/\/aa-pnh.org\/es\/wp-json\/wp\/v2\/types\/page"}],"author":[{"embeddable":true,"href":"https:\/\/aa-pnh.org\/es\/wp-json\/wp\/v2\/users\/12"}],"replies":[{"embeddable":true,"href":"https:\/\/aa-pnh.org\/es\/wp-json\/wp\/v2\/comments?post=8448"}],"version-history":[{"count":6,"href":"https:\/\/aa-pnh.org\/es\/wp-json\/wp\/v2\/pages\/8448\/revisions"}],"predecessor-version":[{"id":8619,"href":"https:\/\/aa-pnh.org\/es\/wp-json\/wp\/v2\/pages\/8448\/revisions\/8619"}],"up":[{"embeddable":true,"href":"https:\/\/aa-pnh.org\/es\/wp-json\/wp\/v2\/pages\/8608"}],"wp:attachment":[{"href":"https:\/\/aa-pnh.org\/es\/wp-json\/wp\/v2\/media?parent=8448"}],"curies":[{"name":"wp","href":"https:\/\/api.w.org\/{rel}","templated":true}]}}