{"id":8476,"date":"2017-04-10T12:23:01","date_gmt":"2017-04-10T10:23:01","guid":{"rendered":"https:\/\/aa-pnh.org\/?page_id=8476"},"modified":"2026-04-04T15:54:58","modified_gmt":"2026-04-04T13:54:58","slug":"germany","status":"publish","type":"page","link":"https:\/\/aa-pnh.org\/es\/specialised-centres-aa-pnh\/germany\/","title":{"rendered":"Especialistas en AA\/PNH en Alemania"},"content":{"rendered":"<h1><span style=\"color: #00a884;\">M\u00e9dicos en Alemania<\/span><\/h1>\n<p>A continuaci\u00f3n encontrar\u00e1 una lista de m\u00e9dicos especializados en AA y HPN en Alemania. La lista est\u00e1 ordenada alfab\u00e9ticamente por localidades.<\/p>\n<p><!-- Inhalt --><\/p>\n<h4><a href=\"#aachen\">Aquisgr\u00e1n<\/a><\/h4>\n<h4><a href=\"#berlin\">Berl\u00edn<\/a><\/h4>\n<h4><a href=\"#dresden\">Dresde<\/a><\/h4>\n<h4><a href=\"#essen\">Essen<\/a><\/h4>\n<h4><a href=\"#hamburg\">Hamburgo<\/a><\/h4>\n<h4><a href=\"#hannover\">Hannover<\/a><\/h4>\n<h4><a href=\"#riesa\">Riesa<\/a><\/h4>\n<h4><a href=\"#ulm\">Ulm<\/a><\/h4>\n<p>&nbsp;<\/p>\n<p>Se trata de una traducci\u00f3n autom\u00e1tica. Nuestros textos no sustituyen la consulta con un m\u00e9dico. Si es posible, consulte siempre a uno de nuestros especialistas.<\/p>\n<p>&nbsp;<\/p>\n<h2><a name=\"aachen\"><\/a><span style=\"color: #00a884;\">Hospital Universitario de Aquisgr\u00e1n<\/span><\/h2>\n<p><a href=\"https:\/\/www.ukaachen.de\/kliniken-institute\/klinik-fuer-haematologie-onkologie-haemostaseologie-und-stammzelltransplantation-med-klinik-iv.html\" target=\"_blank\" rel=\"noopener\">Cl\u00ednica M\u00e9dica IV<\/a><br \/>\nHematolog\u00eda y oncolog\u00eda<br \/>\nPauwelsstra\u00dfe 30<br \/>\n52074 Aquisgr\u00e1n<br \/>\nTel.: +49 241 80 89062<br \/>\nFax: +49 241 80 82156<\/p>\n<p><strong>Prof. Dr. med. Tim H. Br\u00fcmmendorf<\/strong><br \/>\ncorreo electr\u00f3nico: <a href=\"mailto:tbruemmendorf@ukaachen.de\"><span style=\"color: #1115ff;\">tbruemmendorf(at)ukaachen.de<\/span><\/a><br \/>\nsecretar\u00eda<br \/>\nSra. Marion Adrian-Reinartz<br \/>\ncorreo electr\u00f3nico: <a href=\"mailto:madrian@ukaachen.de\"><span style=\"color: #1115ff;\">madrian(at)ukaachen.de<\/span><\/a><\/p>\n<p><strong>Priv.-Doz. Dr. med. Jens Panse<\/strong><br \/>\ncorreo electr\u00f3nico: <a href=\"mailto:jpanse@ukaachen.de\"><span style=\"color: #1115ff;\">jpanse(at)ukaachen.de<\/span><\/a><\/p>\n<p><strong>Priv.-Doz. Dr. med. Fabian Beier<\/strong><br \/>\ncorreo electr\u00f3nico: <a href=\"mailto:fbeier@ukaachen.de\"><span style=\"color: #1115ff;\">fbeier(at)ukaachen.de<\/span><\/a><\/p>\n<p>&nbsp;<\/p>\n<h2><a name=\"berlin\"><\/a><span style=\"color: #00a884;\">Charit\u00e9 &#8211; Medicina universitaria de Berl\u00edn<\/span><\/h2>\n<p><a href=\"https:\/\/haema-onko-cvk.charite.de\/\" target=\"_blank\" rel=\"noopener\">CVK: Campus Virchow-Klinikum, Centro de Medicina Oncol\u00f3gica CC14<\/a><br \/>\nCl\u00ednica m\u00e9dica especializada en hematolog\u00eda, oncolog\u00eda e inmunolog\u00eda tumoral<br \/>\nAugustenburger Platz 1<br \/>\n13353 Berl\u00edn<\/p>\n<p><strong>Prof. Dr. med. J\u00f6rg Westermann<\/strong><br \/>\nTel.: +49 30 450 553 192<br \/>\nFax: +49 30 450 553 914<br \/>\ncorreo electr\u00f3nico: <a href=\"mailto:joerg.westermann@charite.de\"><span style=\"color: #1115ff;\">joerg.westermann(at)charite.de<\/span><\/a><\/p>\n<p><strong>Dra. med. Michaela Schwarz<\/strong><br \/>\nTel.: +49 30 450 665 304<br \/>\nFax: +49 30 450 553 930<br \/>\ncorreo electr\u00f3nico: <a href=\"mailto:michaela.schwarz@charite.de\"><span style=\"color: #1115ff;\">michaela.schwarz(at)charite.de<\/span><\/a><\/p>\n<p>&nbsp;<\/p>\n<h2><a name=\"dresden\"><\/a><span style=\"color: #00a884;\">Hospital Universitario Carl Gustav Carus de Dresde<\/span><\/h2>\n<p><a href=\"https:\/\/www.uniklinikum-dresden.de\/de\/das-klinikum\/kliniken-polikliniken-institute\/mk1\/fachabteilungen\/haematologie\/ambulanzen\" target=\"_blank\" rel=\"noopener\">centro de urgencias<\/a><br \/>\nFetscherstra\u00dfe 74<br \/>\n01307 Dresde<\/p>\n<p><strong>Prof. Dr. med. J\u00f6rg Schubert<\/strong><\/p>\n<p>Consulta especial mensual sobre hematolog\u00eda no maligna<br \/>\nCita previa por tel\u00e9fono en el +49 351 458 2583<\/p>\n<p>&nbsp;<\/p>\n<h2><a name=\"essen\"><\/a><span style=\"color: #00a884;\">Hospital Universitario de Essen<\/span><\/h2>\n<p><a href=\"https:\/\/wtz-essen.de\/index.php?id=267\" target=\"_blank\" rel=\"noopener\">Servicio de urgencias para HPN y AA<\/a><br \/>\nCl\u00ednica de Hematolog\u00eda y Trasplante de C\u00e9lulas Madre<br \/>\nCentro Oncol\u00f3gico de Alemania Occidental<br \/>\nHufelandstra\u00dfe 55<br \/>\n45147 Essen<\/p>\n<p><strong>Prof. Dr. med. Alexander R\u00f6th<\/strong><br \/>\nTel.: +49 201 723 5136<br \/>\nFax: +49 201 723 1716<br \/>\ncorreo electr\u00f3nico: <a href=\"mailto:alexander.roeth@uk-essen.de\"><span style=\"color: #1115ff;\">alexander.roeth(at)uk-essen.de<\/span><\/a><\/p>\n<p>&nbsp;<\/p>\n<h2><a name=\"hamburg\"><\/a><span style=\"color: #00a884;\">Hospital Universitario de Hamburgo-Eppendorf<\/span><\/h2>\n<p><a href=\"https:\/\/www.uke.de\/kliniken-institute\/zentren\/universit%C3%A4res-cancer-center-hamburg-(ucch)\/%C3%BCber-das-tumorzentrum\/index.html\" target=\"_blank\" rel=\"noopener\">Servicio ambulatorio de oncolog\u00eda y hematolog\u00eda del UCCH<\/a><br \/>\nMartinistra\u00dfe 52<br \/>\n20246 Hamburgo<\/p>\n<p><strong>Dr. med. Philippe Schafhausen<\/strong><br \/>\nTel.: +49 40 7410 57122<br \/>\nTel.: +49 40 7410 53980 (ambulancia)<br \/>\nFax: +49 40 7410 57123<br \/>\ncorreo electr\u00f3nico: <a href=\"mailto:schafhausen@uke.de\"><span style=\"color: #1115ff;\">schafhausen(at)uke.de<\/span><\/a><\/p>\n<p>&nbsp;<\/p>\n<h2><a name=\"hannover\"><\/a><span style=\"color: #00a884;\">Facultad de Medicina de Hannover<\/span><\/h2>\n<p>Centro de Medicina Interna<br \/>\n<a href=\"https:\/\/www.mhh.de\/haematologie\" target=\"_blank\" rel=\"noopener\">Cl\u00ednica de Hematolog\u00eda, Hemostasiolog\u00eda, Oncolog\u00eda y Trasplante de C\u00e9lulas Madre<\/a><br \/>\nCarl-Neuberg-Stra\u00dfe 1<br \/>\n30625 Hannover<\/p>\n<p><strong>Prof. Dr. med. Michael Heuser<\/strong><br \/>\nTel.: +49 511 532 3140<br \/>\nFax: +49 511 532 8049<br \/>\ncorreo electr\u00f3nico: <a href=\"mailto:haema.onko-ambulanz@mh-hannover.de\"><span style=\"color: #1115ff;\">haema.onko-ambulanz(at)mh-hannover.de<\/span><\/a><\/p>\n<p>&nbsp;<\/p>\n<h2><a name=\"riesa\"><\/a><span style=\"color: #00a884;\">Hospital Elblandklinikum de Riesa<\/span><\/h2>\n<p><a href=\"https:\/\/www.elblandkliniken.de\/kliniken-zentren\/riesa-innere-medizin-onkologie-haematologie-und-palliativmedizin\" target=\"_blank\" rel=\"noopener\">Hematolog\u00eda, oncolog\u00eda y medicina paliativa<\/a><br \/>\nWeinbergstra\u00dfe 8<br \/>\n01589 Riesa<\/p>\n<p><strong>Prof. Dr. med. J\u00f6rg Schubert<\/strong><br \/>\nTel.: +49 3525 75 3553<br \/>\ncorreo electr\u00f3nico: <a href=\"mailto:Joerg.Schubert@elblandkliniken.de\"><span style=\"color: #1115ff;\">Joerg.Schubert(at)elblandkliniken.de<\/span><\/a><\/p>\n<p>&nbsp;<\/p>\n<h2><a name=\"ulm\"><\/a><span style=\"color: #00a884;\">Hospital Universitario de Ulm<\/span><\/h2>\n<p>Instituto de Medicina Transfusional Cl\u00ednica e Inmunogen\u00e9tica de Ulm gGmbH (IKT)<br \/>\n<a href=\"https:\/\/www.uniklinik-ulm.de\/innere-medizin-iii.html\" target=\"_blank\" rel=\"noopener\">Institut f\u00fcr Medicina transfusional del Hospital Universitario de Ulm<\/a><br \/>\nHelmholtzstra\u00dfe 10<br \/>\n89081 Ulm<\/p>\n<p><strong>Prof. Dr. med. Hubert Schrezenmeier<\/strong><br \/>\nTel.: +49 731 150 550<br \/>\nFax: +49 731 150 500<br \/>\ncorreo electr\u00f3nico: <a href=\"mailto:h.schrezenmeier@blutspende.de\"><span style=\"color: #1115ff;\">h.schrezenmeier(at)blutspende.de<\/span><\/a><\/p>\n<p><strong>Dra. med. Britta H\u00f6chsmann<\/strong><br \/>\nFax: +49 731 150 500<br \/>\ncorreo electr\u00f3nico: <a href=\"mailto:b.hoechsmann@blutspende.de\"><span style=\"color: #1115ff;\">b.hoechsmann(at)blutspende.de<\/span><\/a><\/p>\n","protected":false},"excerpt":{"rendered":"<p>M\u00e9dicos en Alemania A continuaci\u00f3n encontrar\u00e1 una lista de m\u00e9dicos especializados en AA y HPN en Alemania. La lista est\u00e1 ordenada alfab\u00e9ticamente por localidades. Aquisgr\u00e1n Berl\u00edn Dresde Essen Hamburgo Hannover Riesa Ulm &nbsp; Se trata de una traducci\u00f3n autom\u00e1tica. Nuestros textos no sustituyen la consulta&#8230;<\/p>\n","protected":false},"author":12,"featured_media":0,"parent":8611,"menu_order":95,"comment_status":"closed","ping_status":"closed","template":"","meta":{"footnotes":""},"class_list":["post-8476","page","type-page","status-publish","hentry"],"_links":{"self":[{"href":"https:\/\/aa-pnh.org\/es\/wp-json\/wp\/v2\/pages\/8476","targetHints":{"allow":["GET"]}}],"collection":[{"href":"https:\/\/aa-pnh.org\/es\/wp-json\/wp\/v2\/pages"}],"about":[{"href":"https:\/\/aa-pnh.org\/es\/wp-json\/wp\/v2\/types\/page"}],"author":[{"embeddable":true,"href":"https:\/\/aa-pnh.org\/es\/wp-json\/wp\/v2\/users\/12"}],"replies":[{"embeddable":true,"href":"https:\/\/aa-pnh.org\/es\/wp-json\/wp\/v2\/comments?post=8476"}],"version-history":[{"count":6,"href":"https:\/\/aa-pnh.org\/es\/wp-json\/wp\/v2\/pages\/8476\/revisions"}],"predecessor-version":[{"id":9209,"href":"https:\/\/aa-pnh.org\/es\/wp-json\/wp\/v2\/pages\/8476\/revisions\/9209"}],"up":[{"embeddable":true,"href":"https:\/\/aa-pnh.org\/es\/wp-json\/wp\/v2\/pages\/8611"}],"wp:attachment":[{"href":"https:\/\/aa-pnh.org\/es\/wp-json\/wp\/v2\/media?parent=8476"}],"curies":[{"name":"wp","href":"https:\/\/api.w.org\/{rel}","templated":true}]}}