{"id":8480,"date":"2017-08-24T12:56:49","date_gmt":"2017-08-24T10:56:49","guid":{"rendered":"https:\/\/aa-pnh.org\/?page_id=8480"},"modified":"2026-04-04T15:55:29","modified_gmt":"2026-04-04T13:55:29","slug":"austria","status":"publish","type":"page","link":"https:\/\/aa-pnh.org\/es\/specialised-centres-aa-pnh\/austria\/","title":{"rendered":"Especialistas en AA\/PNH en Austria"},"content":{"rendered":"<h1><span style=\"color: #00a884;\">M\u00e9dicos en Austria<\/span><\/h1>\n<p>A continuaci\u00f3n encontrar\u00e1 una lista de m\u00e9dicos especializados en AA y HPN en Austria. La lista est\u00e1 ordenada alfab\u00e9ticamente por localidades.<!-- Contenido --><\/p>\n<h4><a href=\"#linz\">Linz<\/a><\/h4>\n<h4><a href=\"#wien\">Viena<\/a><\/h4>\n<p>&nbsp;<\/p>\n<p>Se trata de una traducci\u00f3n autom\u00e1tica. Nuestros textos no sustituyen la consulta con un m\u00e9dico. Si es posible, consulte siempre a uno de nuestros especialistas.<\/p>\n<p>&nbsp;<\/p>\n<h3><a name=\"linz\"><\/a><span style=\"color: #00a884;\">Ordensklinikum Linz<\/span><\/h3>\n<p>Hospital Elisabethinen Linz GmbH<br \/>\nDepartamento de Medicina Interna I<br \/>\n<a href=\"https:\/\/www.ordensklinikum.at\/de\/patienten\/abteilungen\/haematologie-onkologie\/elisabethinen\/\" target=\"_blank\" rel=\"noopener\">Hematolog\u00eda con trasplante de c\u00e9lulas madre, hemostasiolog\u00eda y oncolog\u00eda m\u00e9dica<\/a><br \/>\nFadingerstra\u00dfe 1<br \/>\nA-4020 Linz<\/p>\n<p><strong>Dra. Sigrid Machherndl-Spandl<\/strong><br \/>\nTel.: +43 732 7676 4434<br \/>\nFax: +43 732 7676 4416<br \/>\nCorreo electr\u00f3nico: <a href=\"mailto:sigrid.machherndl-spandl@ordensklinikum.at\"><span style=\"color: #1115ff;\">sigrid.machherndl-spandl(at)ordensklinikum.at<\/span><\/a><\/p>\n<p>&nbsp;<\/p>\n<h3><a name=\"wien\"><\/a><span style=\"color: #00a884;\">Hospital General de Viena<\/span><\/h3>\n<p>Cl\u00ednica Universitaria de Medicina Interna I<br \/>\n<a href=\"https:\/\/innere-med-1.meduniwien.ac.at\/haematology\/\" target=\"_blank\" rel=\"noopener\">Departamento Cl\u00ednico de Hematolog\u00eda y Hemostasiolog\u00eda<\/a><br \/>\nW\u00e4hringer G\u00fcrtel 18-20<br \/>\nA-1090 Viena<\/p>\n<p><strong>Prof. Dr. med. Wolfgang F\u00fcreder<\/strong><br \/>\nTel.: +43 1 40400 44690 (cl\u00ednica de d\u00eda)<br \/>\nFax: +43 1 40400 40300<br \/>\nCorreo electr\u00f3nico: <a href=\"mailto:wolfgang.fuereder@meduniwien.ac.at\"><span style=\"color: #1115ff;\">wolfgang.fuereder(at)meduniwien.ac.at<\/span><\/a><\/p>\n","protected":false},"excerpt":{"rendered":"<p>M\u00e9dicos en Austria A continuaci\u00f3n encontrar\u00e1 una lista de m\u00e9dicos especializados en AA y HPN en Austria. La lista est\u00e1 ordenada alfab\u00e9ticamente por localidades. Linz Viena &nbsp; Se trata de una traducci\u00f3n autom\u00e1tica. Nuestros textos no sustituyen la consulta con un m\u00e9dico. Si es posible,&#8230;<\/p>\n","protected":false},"author":12,"featured_media":0,"parent":8611,"menu_order":97,"comment_status":"closed","ping_status":"closed","template":"","meta":{"footnotes":""},"class_list":["post-8480","page","type-page","status-publish","hentry"],"_links":{"self":[{"href":"https:\/\/aa-pnh.org\/es\/wp-json\/wp\/v2\/pages\/8480","targetHints":{"allow":["GET"]}}],"collection":[{"href":"https:\/\/aa-pnh.org\/es\/wp-json\/wp\/v2\/pages"}],"about":[{"href":"https:\/\/aa-pnh.org\/es\/wp-json\/wp\/v2\/types\/page"}],"author":[{"embeddable":true,"href":"https:\/\/aa-pnh.org\/es\/wp-json\/wp\/v2\/users\/12"}],"replies":[{"embeddable":true,"href":"https:\/\/aa-pnh.org\/es\/wp-json\/wp\/v2\/comments?post=8480"}],"version-history":[{"count":6,"href":"https:\/\/aa-pnh.org\/es\/wp-json\/wp\/v2\/pages\/8480\/revisions"}],"predecessor-version":[{"id":8625,"href":"https:\/\/aa-pnh.org\/es\/wp-json\/wp\/v2\/pages\/8480\/revisions\/8625"}],"up":[{"embeddable":true,"href":"https:\/\/aa-pnh.org\/es\/wp-json\/wp\/v2\/pages\/8611"}],"wp:attachment":[{"href":"https:\/\/aa-pnh.org\/es\/wp-json\/wp\/v2\/media?parent=8480"}],"curies":[{"name":"wp","href":"https:\/\/api.w.org\/{rel}","templated":true}]}}