{"id":8484,"date":"2017-08-24T12:57:38","date_gmt":"2017-08-24T10:57:38","guid":{"rendered":"https:\/\/aa-pnh.org\/?page_id=8484"},"modified":"2026-04-04T15:57:04","modified_gmt":"2026-04-04T13:57:04","slug":"switzerland","status":"publish","type":"page","link":"https:\/\/aa-pnh.org\/es\/specialised-centres-aa-pnh\/switzerland\/","title":{"rendered":"Especialistas en AA\/PNH en Suiza"},"content":{"rendered":"<h1><span style=\"color: #00a884;\">M\u00e9dicos en Suiza<\/span><\/h1>\n<p>A continuaci\u00f3n encontrar\u00e1 una lista de m\u00e9dicos especializados en AA y HPN en Suiza. La lista est\u00e1 ordenada alfab\u00e9ticamente por localidades.<br \/>\n<!-- Contenido --><\/p>\n<h4><a href=\"#basel\">Basilea<\/a><\/h4>\n<h4><a href=\"#zuerich\">Z\u00farich<\/a><\/h4>\n<p>&nbsp;<\/p>\n<p>Se trata de una traducci\u00f3n autom\u00e1tica. Nuestros textos no sustituyen la consulta con un m\u00e9dico. Si es posible, consulte siempre a uno de nuestros especialistas.<\/p>\n<p>&nbsp;<\/p>\n<h3><a name=\"basel\"><\/a><span style=\"color: #00a884;\">Hospital Universitario de Basilea (USB)<\/span><\/h3>\n<p><a href=\"https:\/\/www.unispital-basel.ch\/haematologie\" target=\"_blank\" rel=\"noopener\">Centro de Trasplante de C\u00e9lulas Madre\/Cl\u00ednica de Hematolog\u00eda<\/a><br \/>\nPetersgraben 4<br \/>\nCH &#8211; 4031 Basilea<\/p>\n<p><strong>Prof. Dr. med. Jakob Passweg<\/strong><br \/>\nTel.: +41 61 265 4254<br \/>\nCorreo electr\u00f3nico: <a href=\"mailto:Jakob.Passweg@usb.ch\">Jakob.Passweg(at)usb.ch<\/a><\/p>\n<p><strong>Dra. Beatrice Drexler<\/strong><br \/>\nTel.: +41 61 265 2525<br \/>\nCorreo electr\u00f3nico: <a href=\"mailto:Beatrice.Drexler@usb.ch\">Beatrice.Drexler(at)usb.ch<\/a><\/p>\n<h3><a style=\"color: #00a884;\">Hospital Infantil Universitario de Basilea (UKBB)<\/a><\/h3>\n<p><a href=\"https:\/\/www.ukbb.ch\/behandlung-betreuung\/medizinisches-angebot\/haematologie-onkologie\/\" target=\"_blank\" rel=\"noopener\">Oncolog\u00eda\/Hematolog\u00eda<\/a><br \/>\nSpitalstrasse 33<br \/>\nCH &#8211; 4056 Basilea<\/p>\n<p><strong>Prof. Dr. med. Thomas K\u00fchne<\/strong><br \/>\nTel.: +41 61 704 1212<br \/>\nFax: +41 61 704 1213<br \/>\nCorreo electr\u00f3nico: <a href=\"mailto:thomas.kuehne@ukbb.ch\"><span style=\"color: #1115ff;\">thomas.kuehne(at)ukbb.ch<\/span><\/a><\/p>\n<p><strong>Prof. Dr. med. Nicolas von der Weid<\/strong><br \/>\nTel.: +41 61 704 1212<br \/>\nFax: +41 61 704 1213<br \/>\nCorreo electr\u00f3nico: <a href=\"mailto:nicolas.vonderweid@ukbb.ch\"><span style=\"color: #1115ff;\">nicolas.vonderweid(at)ukbb.ch<\/span><\/a><\/p>\n<p>&nbsp;<\/p>\n<h3><a name=\"zuerich\"><\/a><span style=\"color: #00a884;\">Hospital Universitario de Z\u00farich (USZ)<\/span><\/h3>\n<p><a href=\"https:\/\/www.usz.ch\/fachbereich\/medizinische-onkologie-und-haematologie\/\" target=\"_blank\" rel=\"noopener\">Cl\u00ednica de Oncolog\u00eda M\u00e9dica y Hematolog\u00eda<\/a><br \/>\nR\u00e4mistrasse 100<br \/>\nCH &#8211; 8091 Z\u00farich<\/p>\n<p><strong>Prof. Dr. med. Dr. rer. nat. Stefan Balabanov<\/strong><br \/>\nTel.: +41 44 255 3782<br \/>\nFax: +41 44 255 4568<br \/>\nCorreo electr\u00f3nico: <a href=\"mailto:stefan.balabanov@usz.ch\"><span style=\"color: #1115ff;\">stefan.balabanov(at)usz.ch<\/span><\/a><\/p>\n<p><strong>Dra. Marina Bissig<\/strong><br \/>\nTel.: +41 44 255 8139<br \/>\nFax: +41 44 255 4568<br \/>\nCorreo electr\u00f3nico: <a href=\"mailto:marina.bissig@usz.ch\"><span style=\"color: #1115ff;\">marina.bissig(at)usz.ch<\/span><\/a><\/p>\n<h3><a style=\"color: #00a884;\">Cl\u00ednica Infantil Universitaria de Z\u00farich (UZH)<\/a><\/h3>\n<p><a href=\"https:\/\/www.kispi.uzh.ch\/de\/patienten-und-angehoerige\/fachbereiche\/haemtologie\/Seiten\/default.aspx\" target=\"_blank\" rel=\"noopener\">Hematolog\u00eda\/Oncolog\u00eda Pedi\u00e1trica FMH, FAMH<\/a><br \/>\nSteinwiesstrasse 75<br \/>\nCH &#8211; 8032 Z\u00farich<\/p>\n<p><strong>Prof. Dr. med. Markus Schmugge Liner<\/strong><br \/>\nTel.: +41 44 266 73 07<br \/>\nFax: +41 44 266 71 71<br \/>\nCorreo electr\u00f3nico: <a href=\"mailto:markus.schmugge@kispi.uzh.ch\"><span style=\"color: #1115ff;\">markus.schmugge(at)kispi.uzh.ch<\/span><\/a><\/p>\n<p>&nbsp;<\/p>\n","protected":false},"excerpt":{"rendered":"<p>M\u00e9dicos en Suiza A continuaci\u00f3n encontrar\u00e1 una lista de m\u00e9dicos especializados en AA y HPN en Suiza. La lista est\u00e1 ordenada alfab\u00e9ticamente por localidades. Basilea Z\u00farich &nbsp; Se trata de una traducci\u00f3n autom\u00e1tica. Nuestros textos no sustituyen la consulta con un m\u00e9dico. Si es posible,&#8230;<\/p>\n","protected":false},"author":12,"featured_media":0,"parent":8611,"menu_order":99,"comment_status":"closed","ping_status":"closed","template":"","meta":{"footnotes":""},"class_list":["post-8484","page","type-page","status-publish","hentry"],"_links":{"self":[{"href":"https:\/\/aa-pnh.org\/es\/wp-json\/wp\/v2\/pages\/8484","targetHints":{"allow":["GET"]}}],"collection":[{"href":"https:\/\/aa-pnh.org\/es\/wp-json\/wp\/v2\/pages"}],"about":[{"href":"https:\/\/aa-pnh.org\/es\/wp-json\/wp\/v2\/types\/page"}],"author":[{"embeddable":true,"href":"https:\/\/aa-pnh.org\/es\/wp-json\/wp\/v2\/users\/12"}],"replies":[{"embeddable":true,"href":"https:\/\/aa-pnh.org\/es\/wp-json\/wp\/v2\/comments?post=8484"}],"version-history":[{"count":4,"href":"https:\/\/aa-pnh.org\/es\/wp-json\/wp\/v2\/pages\/8484\/revisions"}],"predecessor-version":[{"id":9211,"href":"https:\/\/aa-pnh.org\/es\/wp-json\/wp\/v2\/pages\/8484\/revisions\/9211"}],"up":[{"embeddable":true,"href":"https:\/\/aa-pnh.org\/es\/wp-json\/wp\/v2\/pages\/8611"}],"wp:attachment":[{"href":"https:\/\/aa-pnh.org\/es\/wp-json\/wp\/v2\/media?parent=8484"}],"curies":[{"name":"wp","href":"https:\/\/api.w.org\/{rel}","templated":true}]}}