{"id":8637,"date":"2017-04-10T11:42:28","date_gmt":"2017-04-10T09:42:28","guid":{"rendered":"https:\/\/aa-pnh.org\/?page_id=8637"},"modified":"2025-10-19T15:51:46","modified_gmt":"2025-10-19T13:51:46","slug":"pagina-de-inicio","status":"publish","type":"page","link":"https:\/\/aa-pnh.org\/es\/","title":{"rendered":"P\u00e1gina de inicio"},"content":{"rendered":"<p><em><strong>\u00a1Bienvenido a nuestra p\u00e1gina web!<\/strong><\/em><\/p>\r\n<p>Aqu\u00ed encontrar\u00e1 informaci\u00f3n sobre la <a href=\"https:\/\/aa-pnh.org\/es\/diseases\/aplastic-anaemia\/\">anemia apl\u00e1sica<\/a> y la <a href=\"https:\/\/aa-pnh.org\/es\/diseases\/pnh\/\">PNH<\/a>, as\u00ed como sobre nuestros servicios para pacientes y sus familiares. Si tiene alguna pregunta o solicitud, no dude en ponerse en contacto con nosotros.<\/p>\r\n<p><strong><em>No se rinda nunca, \u00a1no est\u00e1 solo! <\/em><\/strong><\/p>\r\n<p>Descargue nuestra <a href=\"https:\/\/aa-pnh.org\/download\/aa-pnh-infobroschuere-2023\/?tmstv=1694607307\">folleto informativo (alem\u00e1n o ingl\u00e9s)<\/a><\/p>\r\n\r\n\r\n","protected":false},"excerpt":{"rendered":"<p>\u00a1Bienvenido a nuestra p\u00e1gina web! Aqu\u00ed encontrar\u00e1 informaci\u00f3n sobre la anemia apl\u00e1sica y la PNH, as\u00ed como sobre nuestros servicios para pacientes y sus familiares. Si tiene alguna pregunta o solicitud, no dude en ponerse en contacto con nosotros. No se rinda nunca, \u00a1no est\u00e1&#8230;<\/p>\n","protected":false},"author":7,"featured_media":0,"parent":0,"menu_order":91,"comment_status":"closed","ping_status":"closed","template":"blog-large-image.php","meta":{"footnotes":""},"class_list":["post-8637","page","type-page","status-publish","hentry"],"_links":{"self":[{"href":"https:\/\/aa-pnh.org\/es\/wp-json\/wp\/v2\/pages\/8637","targetHints":{"allow":["GET"]}}],"collection":[{"href":"https:\/\/aa-pnh.org\/es\/wp-json\/wp\/v2\/pages"}],"about":[{"href":"https:\/\/aa-pnh.org\/es\/wp-json\/wp\/v2\/types\/page"}],"author":[{"embeddable":true,"href":"https:\/\/aa-pnh.org\/es\/wp-json\/wp\/v2\/users\/7"}],"replies":[{"embeddable":true,"href":"https:\/\/aa-pnh.org\/es\/wp-json\/wp\/v2\/comments?post=8637"}],"version-history":[{"count":5,"href":"https:\/\/aa-pnh.org\/es\/wp-json\/wp\/v2\/pages\/8637\/revisions"}],"predecessor-version":[{"id":8642,"href":"https:\/\/aa-pnh.org\/es\/wp-json\/wp\/v2\/pages\/8637\/revisions\/8642"}],"wp:attachment":[{"href":"https:\/\/aa-pnh.org\/es\/wp-json\/wp\/v2\/media?parent=8637"}],"curies":[{"name":"wp","href":"https:\/\/api.w.org\/{rel}","templated":true}]}}