{"id":6464,"date":"2017-04-10T12:25:14","date_gmt":"2017-04-10T10:25:14","guid":{"rendered":"https:\/\/aa-pnh.org\/?page_id=6464"},"modified":"2026-04-04T15:26:41","modified_gmt":"2026-04-04T13:26:41","slug":"diseases","status":"publish","type":"page","link":"https:\/\/aa-pnh.org\/tr\/diseases\/","title":{"rendered":"Hastal\u0131klar"},"content":{"rendered":"<h1>Hastal\u0131klar<\/h1>\n<p><span style=\"color: #000080;\"><a style=\"color: #000080;\" href=\"https:\/\/aa-pnh.org\/erkrankungen\/funktion-knochenmark\/\" rel=\"noopener\">Kemik \u0130li\u011fi<\/a><\/span><\/p>\n<p><span style=\"color: #000080;\"><a style=\"color: #000080;\" href=\"https:\/\/aa-pnh.org\/tr\/hastaliklar\/aplastik-anemi\/\" rel=\"noopener\">Aplastik anemi<\/a><\/span><\/p>\n<p><span style=\"color: #000080;\"><a style=\"color: #000080;\" href=\"https:\/\/aa-pnh.org\/tr\/pnh\/\" rel=\"noopener\">PNH<\/a><\/span><\/p>\n<p><span style=\"color: #000080;\"><a style=\"color: #000080;\" href=\"https:\/\/aa-pnh.org\/download\/aa-pnh-informationsbroschuere-fuer-patienten-und-angehoerige\/\" rel=\"noopener\">Bilgi bro\u015f\u00fcr\u00fc<\/a><\/span><\/p>\n<p><span style=\"color: #000080;\"><a style=\"color: #000080;\" href=\"https:\/\/aa-pnh.org\/erkrankungen\/klinische-studien\/\" rel=\"noopener\">Ara\u015ft\u0131rmalar<\/a><\/span><\/p>\n<p><span style=\"color: #000080;\"><a style=\"color: #000080;\" href=\"https:\/\/aa-pnh.org\/erkrankungen\/anaesthesie\/\">Nadir hastal\u0131klar i\u00e7in anestezi<\/a><\/span><\/p>\n<p><span style=\"color: #000080;\"><a style=\"color: #000080;\" href=\"https:\/\/aa-pnh.org\/tr\/hastaliklar\/deneyim-paylasimlari\/\" rel=\"noopener\">Deneyim Payla\u015f\u0131mlar\u0131<\/a><\/span><\/p>\n<p><span style=\"color: #000080;\"><a style=\"color: #000080;\" href=\"https:\/\/aa-pnh.org\/erkrankungen\/lichterzellen\/\" rel=\"noopener\">kurulu\u015ftan etkilenenler i\u00e7in forum <em>lichter<\/em>zellen (Yaln\u0131z Almanca)<\/a><\/span><\/p>\n<p>&nbsp;<\/p>\n","protected":false},"excerpt":{"rendered":"<p>Hastal\u0131klar Kemik \u0130li\u011fi Aplastik anemi PNH Bilgi bro\u015f\u00fcr\u00fc Ara\u015ft\u0131rmalar Nadir hastal\u0131klar i\u00e7in anestezi Deneyim Payla\u015f\u0131mlar\u0131 kurulu\u015ftan etkilenenler i\u00e7in forum lichterzellen (Yaln\u0131z Almanca) &nbsp;<\/p>\n","protected":false},"author":7,"featured_media":0,"parent":0,"menu_order":86,"comment_status":"closed","ping_status":"closed","template":"","meta":{"footnotes":""},"class_list":["post-6464","page","type-page","status-publish","hentry"],"_links":{"self":[{"href":"https:\/\/aa-pnh.org\/tr\/wp-json\/wp\/v2\/pages\/6464","targetHints":{"allow":["GET"]}}],"collection":[{"href":"https:\/\/aa-pnh.org\/tr\/wp-json\/wp\/v2\/pages"}],"about":[{"href":"https:\/\/aa-pnh.org\/tr\/wp-json\/wp\/v2\/types\/page"}],"author":[{"embeddable":true,"href":"https:\/\/aa-pnh.org\/tr\/wp-json\/wp\/v2\/users\/7"}],"replies":[{"embeddable":true,"href":"https:\/\/aa-pnh.org\/tr\/wp-json\/wp\/v2\/comments?post=6464"}],"version-history":[{"count":4,"href":"https:\/\/aa-pnh.org\/tr\/wp-json\/wp\/v2\/pages\/6464\/revisions"}],"predecessor-version":[{"id":9161,"href":"https:\/\/aa-pnh.org\/tr\/wp-json\/wp\/v2\/pages\/6464\/revisions\/9161"}],"wp:attachment":[{"href":"https:\/\/aa-pnh.org\/tr\/wp-json\/wp\/v2\/media?parent=6464"}],"curies":[{"name":"wp","href":"https:\/\/api.w.org\/{rel}","templated":true}]}}