{"id":6477,"date":"2017-04-10T12:23:01","date_gmt":"2017-04-10T10:23:01","guid":{"rendered":"https:\/\/aa-pnh.org\/?page_id=6477"},"modified":"2026-04-04T15:22:08","modified_gmt":"2026-04-04T13:22:08","slug":"almanyada","status":"publish","type":"page","link":"https:\/\/aa-pnh.org\/tr\/specialised-centres-aa-pnh\/almanyada\/","title":{"rendered":"Almanya&#8217;da AA\/PNH uzmanlar\u0131 (specialists Germany)"},"content":{"rendered":"<h1><span style=\"color: #00a884;\">Almanya&#8217;daki Doktorlar<\/span><\/h1>\n<p>A\u015fa\u011f\u0131da Almanya&#8217;da AA ve PNH alan\u0131nda uzmanla\u015fm\u0131\u015f doktorlar\u0131n bir listesini bulacaks\u0131n\u0131z. Liste konuma g\u00f6re alfabetik olarak s\u0131ralanm\u0131\u015ft\u0131r.<\/p>\n<p><!-- Inhalt --><\/p>\n<h4><a href=\"#aachen\">Aachen<\/a><\/h4>\n<h4><a href=\"#berlin\">Berlin<\/a><\/h4>\n<h4><a href=\"#dresden\">Dresden<\/a><\/h4>\n<h4><a href=\"#essen\">Essen<\/a><\/h4>\n<h4><a href=\"#hamburg\">Hamburg<\/a><\/h4>\n<h4><a href=\"#hannover\">Hannover<\/a><\/h4>\n<h4><a href=\"#riesa\">Riesa<\/a><\/h4>\n<h4><a href=\"#ulm\">Ulm<\/a><\/h4>\n<p>&nbsp;<\/p>\n<h2><a name=\"aachen\"><\/a><span style=\"color: #00a884;\">Aachen \u00dcniversite Hastanesi<\/span><\/h2>\n<p><a href=\"https:\/\/www.ukaachen.de\/kliniken-institute\/klinik-fuer-haematologie-onkologie-haemostaseologie-und-stammzelltransplantation-med-klinik-iv.html\" target=\"_blank\" rel=\"noopener\">T\u0131bbi Klinik IV<\/a><br \/>\nHematoloji ve Onkoloji<br \/>\nPauwelsstra\u00dfe 30<br \/>\nD &#8211; 52074 Aachen<br \/>\nTel.: +49 241 80 89062<br \/>\nFaks: +49 241 80 82156<\/p>\n<p><strong>Prof. Dr. med. Tim H. Br\u00fcmmendorf<\/strong><br \/>\nE-posta: <a href=\"mailto:tbruemmendorf@ukaachen.de\"><span style=\"color: #1115ff;\">tbruemmendorf(at)ukaachen.de<\/span><\/a><br \/>\nSekretarya<br \/>\nBayan Marion Adrian-Reinartz<br \/>\nE-posta: <a href=\"mailto:madrian@ukaachen.de\"><span style=\"color: #1115ff;\">madrian(at)ukaachen.de<\/span><\/a><\/p>\n<p><strong>Priv.-Doz. Dr. med. Jens Panse<\/strong><br \/>\nE-posta: <a href=\"mailto:jpanse@ukaachen.de\"><span style=\"color: #1115ff;\">jpanse(at)ukaachen.de<\/span><\/a><\/p>\n<p><strong>Priv.-Doz. Dr. med. Fabian Beier<\/strong><br \/>\nE-posta: <a href=\"mailto:fbeier@ukaachen.de\"><span style=\"color: #1115ff;\">fbeier(at)ukaachen.de<\/span><\/a><\/p>\n<p>&nbsp;<\/p>\n<h2><a name=\"berlin\"><\/a><span style=\"color: #00a884;\">Charit\u00e9 &#8211; Berlin T\u0131p Fak\u00fcltesi<\/span><\/h2>\n<p><a href=\"https:\/\/haema-onko-cvk.charite.de\/\" target=\"_blank\" rel=\"noopener\">CVK: Virchow Hastanesi Kamp\u00fcs\u00fc, T\u00fcm\u00f6r T\u0131bb\u0131 Merkezi CC14<\/a><br \/>\nHematoloji, Onkoloji ve Tum\u00f6r \u0130mmunoloj Uzman T\u0131bbi Klini\u011fi<br \/>\nAugustenburger Platz 1<br \/>\nD &#8211; 13353 Berlin<\/p>\n<p><strong>Prof. Dr. med. J\u00f6rg Westermann<\/strong><br \/>\nTel.: +49 30 450 553 192<br \/>\nFaks: +49 30 450 553 914<br \/>\nE-posta: <a href=\"mailto:joerg.westermann@charite.de\"><span style=\"color: #1115ff;\">joerg.westermann(at)charite.de<\/span><\/a><\/p>\n<p><strong>Dr. med. Michaela Schwarz<\/strong><br \/>\nTel.: +49 30 450 665 304<br \/>\nFaks: +49 30 450 553 930<br \/>\nE-posta: <a href=\"mailto:michaela.schwarz@charite.de\"><span style=\"color: #1115ff;\">michaela.schwarz(at)charite.de<\/span><\/a><\/p>\n<p>&nbsp;<\/p>\n<h2><a name=\"dresden\"><\/a><span style=\"color: #00a884;\">Carl Gustav Carus Dresden \u00dcniversite Hastanesi<\/span><\/h2>\n<p><a href=\"https:\/\/www.uniklinikum-dresden.de\/de\/das-klinikum\/kliniken-polikliniken-institute\/mk1\/fachabteilungen\/haematologie\/ambulanzen\" target=\"_blank\" rel=\"noopener\">Poliklinik<\/a><br \/>\nFetscherstra\u00dfe 74<br \/>\nD &#8211; 01307 Dresden<\/p>\n<p><strong>Prof. Dr. med. J\u00f6rg Schubert<\/strong><\/p>\n<p>Randevu almak i\u00e7in<br \/>\nTel.: +49 351 458 2583<\/p>\n<p>&nbsp;<\/p>\n<h2><a name=\"essen\"><\/a><span style=\"color: #00a884;\">Essen \u00dcniversite Hastanesi<\/span><\/h2>\n<p><a href=\"https:\/\/wtz-essen.de\/index.php?id=267\" target=\"_blank\" rel=\"noopener\">PNH ve AA Poliklini\u011fi<\/a><br \/>\nHematoloji ve K\u00f6k H\u00fccre Nakli Klini\u011fi<br \/>\nWestdeutsches Tumorzentrum<br \/>\nHufelandstra\u00dfe 55<br \/>\nD &#8211; 45147 Essen<\/p>\n<p><strong>Prof. Dr. med. Alexander R\u00f6th<\/strong><br \/>\nTel.: +49 201 723 5136<br \/>\nFaks: +49 201 723 1716<br \/>\nE-posta: <a href=\"mailto:alexander.roeth@uk-essen.de\"><span style=\"color: #1115ff;\">alexander.roeth(at)uk-essen.de<\/span><\/a><\/p>\n<p>&nbsp;<\/p>\n<h2><a name=\"hamburg\"><\/a><span style=\"color: #00a884;\">Hamburg-Eppendorf \u00dcniversite Hastanesi<\/span><\/h2>\n<p><a href=\"https:\/\/www.uke.de\/kliniken-institute\/zentren\/universit%C3%A4res-cancer-center-hamburg-(ucch)\/%C3%BCber-das-tumorzentrum\/index.html\" target=\"_blank\" rel=\"noopener\">UCCH Onkoloji-Hematoloji Poliklini\u011fi<\/a><br \/>\nMartinistra\u00dfe 52<br \/>\nD &#8211; 20246 Hamburg<\/p>\n<p><strong>Dr. med. Philippe Schafhausen<\/strong><br \/>\nTel.: +49 40 7410 57122<br \/>\nTel.: +49 40 7410 53980 (Poliklinik)<br \/>\nFaks: +49 40 7410 57123<br \/>\nE-posta: <a href=\"mailto:schafhausen@uke.de\"><span style=\"color: #1115ff;\">schafhausen(at)uke.de<\/span><\/a><\/p>\n<p>&nbsp;<\/p>\n<h2><a name=\"hannover\"><\/a><span style=\"color: #00a884;\">Hannover T\u0131p Y\u00fcksekokulu<\/span><\/h2>\n<p>\u0130\u00e7 Hastal\u0131klar\u0131 Merkezi<br \/>\n<a href=\"https:\/\/www.mhh.de\/haematologie\" target=\"_blank\" rel=\"noopener\">Hematoloji, Hemostazoloji, Onkoloji ve K\u00f6k H\u00fccre Nakli Klini\u011fi<\/a><br \/>\nCarl-Neuberg-Stra\u00dfe 1<br \/>\nD &#8211; 30625 Hannover<\/p>\n<p><strong>Prof. Dr. med. Michael Heuser<\/strong><br \/>\nTel.: +49 511 532 3140<br \/>\nFaks: +49 511 532 8049<br \/>\nE-posta: <a href=\"mailto:haema.onko-ambulanz@mh-hannover.de\"><span style=\"color: #1115ff;\">haema.onko-ambulanz(at)mh-hannover.de<\/span><\/a><\/p>\n<p>&nbsp;<\/p>\n<h2><a name=\"riesa\"><\/a><span style=\"color: #00a884;\">Riesa ELBLAND HASTANES\u0130<\/span><\/h2>\n<p><a href=\"https:\/\/www.elblandkliniken.de\/kliniken-zentren\/riesa-innere-medizin-onkologie-haematologie-und-palliativmedizin\" target=\"_blank\" rel=\"noopener\">Hematoloji, Onkoloji ve Palyatif T\u0131p<\/a><br \/>\nWeinbergstra\u00dfe 8<br \/>\nD &#8211; 01589 Riesa<\/p>\n<p><strong>Prof. Dr. med. J\u00f6rg Schubert<\/strong><br \/>\nTel.: +49 3525 75 3553<br \/>\nE-posta: <a href=\"mailto:Joerg.Schubert@elblandkliniken.de\"><span style=\"color: #1115ff;\">Joerg.Schubert(at)elblandkliniken.de<\/span><\/a><\/p>\n<p>&nbsp;<\/p>\n<h2><a name=\"ulm\"><\/a><span style=\"color: #00a884;\">Ulm \u00dcniversite Hastanesi<\/span><\/h2>\n<p>Institut f\u00fcr Klinische Transfusionsmedizin und Immungenetik Ulm gGmbH (IKT)<br \/>\n<a href=\"https:\/\/www.uniklinik-ulm.de\/innere-medizin-iii.html\" target=\"_blank\" rel=\"noopener\">Transf\u00fczyon T\u0131bb\u0131 Enstit\u00fcs\u00fc<\/a><br \/>\nHelmholtzstra\u00dfe 10<br \/>\n<strong>D &#8211; 89081 Ulm<\/strong><\/p>\n<p><strong>Prof. Dr. med. Hubert Schrezenmeier<\/strong><br \/>\nTel.: +49 731 150 550<br \/>\nFaks: +49 731 150 500<br \/>\nE-posta: <a href=\"mailto:h.schrezenmeier@blutspende.de\"><span style=\"color: #1115ff;\">h.schrezenmeier(at)blutspende.de<\/span><\/a><\/p>\n<p><strong>Dr. med. Britta H\u00f6chsmann<\/strong><br \/>\nFaks: +49 731 150 500<br \/>\nE-posta: <a href=\"mailto:b.hoechsmann@blutspende.de\"><span style=\"color: #1115ff;\">b.hoechsmann(at)blutspende.de<\/span><\/a><\/p>\n","protected":false},"excerpt":{"rendered":"<p>Almanya&#8217;daki Doktorlar A\u015fa\u011f\u0131da Almanya&#8217;da AA ve PNH alan\u0131nda uzmanla\u015fm\u0131\u015f doktorlar\u0131n bir listesini bulacaks\u0131n\u0131z. Liste konuma g\u00f6re alfabetik olarak s\u0131ralanm\u0131\u015ft\u0131r. Aachen Berlin Dresden Essen Hamburg Hannover Riesa Ulm &nbsp; Aachen \u00dcniversite Hastanesi T\u0131bbi Klinik IV Hematoloji ve Onkoloji Pauwelsstra\u00dfe 30 D &#8211; 52074 Aachen Tel.: +49&#8230;<\/p>\n","protected":false},"author":7,"featured_media":0,"parent":6740,"menu_order":95,"comment_status":"closed","ping_status":"closed","template":"","meta":{"footnotes":""},"class_list":["post-6477","page","type-page","status-publish","hentry"],"_links":{"self":[{"href":"https:\/\/aa-pnh.org\/tr\/wp-json\/wp\/v2\/pages\/6477","targetHints":{"allow":["GET"]}}],"collection":[{"href":"https:\/\/aa-pnh.org\/tr\/wp-json\/wp\/v2\/pages"}],"about":[{"href":"https:\/\/aa-pnh.org\/tr\/wp-json\/wp\/v2\/types\/page"}],"author":[{"embeddable":true,"href":"https:\/\/aa-pnh.org\/tr\/wp-json\/wp\/v2\/users\/7"}],"replies":[{"embeddable":true,"href":"https:\/\/aa-pnh.org\/tr\/wp-json\/wp\/v2\/comments?post=6477"}],"version-history":[{"count":4,"href":"https:\/\/aa-pnh.org\/tr\/wp-json\/wp\/v2\/pages\/6477\/revisions"}],"predecessor-version":[{"id":9156,"href":"https:\/\/aa-pnh.org\/tr\/wp-json\/wp\/v2\/pages\/6477\/revisions\/9156"}],"up":[{"embeddable":true,"href":"https:\/\/aa-pnh.org\/tr\/wp-json\/wp\/v2\/pages\/6740"}],"wp:attachment":[{"href":"https:\/\/aa-pnh.org\/tr\/wp-json\/wp\/v2\/media?parent=6477"}],"curies":[{"name":"wp","href":"https:\/\/api.w.org\/{rel}","templated":true}]}}