{"id":6478,"date":"2017-08-24T12:56:49","date_gmt":"2017-08-24T10:56:49","guid":{"rendered":"https:\/\/aa-pnh.org\/?page_id=6478"},"modified":"2026-04-04T15:22:55","modified_gmt":"2026-04-04T13:22:55","slug":"austria","status":"publish","type":"page","link":"https:\/\/aa-pnh.org\/tr\/specialised-centres-aa-pnh\/austria\/","title":{"rendered":"Avusturya&#8217;da AA\/PNH uzmanlar\u0131 (specialists Austria)"},"content":{"rendered":"<h1><span style=\"color: #00a884;\">Avusturya&#8217;daki Doktorlar<\/span><\/h1>\n<p>A\u015fa\u011f\u0131da Avusturya&#8217;da AA ve PNH konusunda uzmanla\u015fm\u0131\u015f doktorlar\u0131n bir listesini bulacaks\u0131n\u0131z. AA ve PNH konusunda uzmanla\u015fm\u0131\u015f. Liste konuma g\u00f6re alfabetik olarak s\u0131ralanm\u0131\u015ft\u0131r.<br \/>\n<!-- Inhalt --><\/p>\n<h4><a href=\"#linz\">Linz<\/a><\/h4>\n<h4><a href=\"#wien\">Wien<\/a><\/h4>\n<p>&nbsp;<\/p>\n<h3><a name=\"linz\"><\/a><span style=\"color: #00a884;\">Ordensklinikum Linz<\/span><\/h3>\n<p>Elisabethinen Linz GmbH Hastanesi<br \/>\n\u0130\u00e7 Hastal\u0131klar\u0131 I Servisi<br \/>\n<a href=\"https:\/\/www.ordensklinikum.at\/de\/patienten\/abteilungen\/haematologie-onkologie\/elisabethinen\/\" target=\"_blank\" rel=\"noopener\">K\u00f6k H\u00fccre Nakli, Hemostazoloji ve T\u0131bbi Onkoloji i\u00e7eren Hematoloji<\/a><br \/>\nFadingerstra\u00dfe 1<br \/>\nA-4020 Linz<\/p>\n<p><strong>Dr. med. Sigrid Machherndl-Spandl<\/strong><br \/>\nTel.: +43 732 7676 4434<br \/>\nFaks: +43 732 7676 4416<br \/>\nE-posta: <a href=\"mailto:sigrid.machherndl-spandl@ordensklinikum.at\"><span style=\"color: #1115ff;\">sigrid.machherndl-spandl(at)ordensklinikum.at<\/span><\/a><\/p>\n<p>&nbsp;<\/p>\n<h3><a name=\"wien\"><\/a><span style=\"color: #00a884;\">AKH Viyana \u015eehir Hastanesi<\/span><\/h3>\n<p>\u00dcniversite Hastanesi \u0130\u00e7 Hastal\u0131klar\u0131 I<br \/>\n<a href=\"https:\/\/innere-med-1.meduniwien.ac.at\/haematology\/\" target=\"_blank\" rel=\"noopener\">Hemotoloji ve Hemostazoloji Klinik Servisi<\/a><br \/>\nW\u00e4hringer G\u00fcrtel 18-20<br \/>\nA-1090 Wien<\/p>\n<p><strong>Univ.-Prof. Dr. med. Wolfgang F\u00fcreder<\/strong><br \/>\nTel.: +43 1 40400 44690 (Tagesklinik)<br \/>\nFaks: +43 1 40400 40300<br \/>\nE-posta: <a href=\"mailto:wolfgang.fuereder@meduniwien.ac.at\"><span style=\"color: #1115ff;\">wolfgang.fuereder(at)meduniwien.ac.at<\/span><\/a><\/p>\n","protected":false},"excerpt":{"rendered":"<p>Avusturya&#8217;daki Doktorlar A\u015fa\u011f\u0131da Avusturya&#8217;da AA ve PNH konusunda uzmanla\u015fm\u0131\u015f doktorlar\u0131n bir listesini bulacaks\u0131n\u0131z. AA ve PNH konusunda uzmanla\u015fm\u0131\u015f. Liste konuma g\u00f6re alfabetik olarak s\u0131ralanm\u0131\u015ft\u0131r. Linz Wien &nbsp; Ordensklinikum Linz Elisabethinen Linz GmbH Hastanesi \u0130\u00e7 Hastal\u0131klar\u0131 I Servisi K\u00f6k H\u00fccre Nakli, Hemostazoloji ve T\u0131bbi Onkoloji i\u00e7eren&#8230;<\/p>\n","protected":false},"author":7,"featured_media":0,"parent":6740,"menu_order":97,"comment_status":"closed","ping_status":"closed","template":"","meta":{"footnotes":""},"class_list":["post-6478","page","type-page","status-publish","hentry"],"_links":{"self":[{"href":"https:\/\/aa-pnh.org\/tr\/wp-json\/wp\/v2\/pages\/6478","targetHints":{"allow":["GET"]}}],"collection":[{"href":"https:\/\/aa-pnh.org\/tr\/wp-json\/wp\/v2\/pages"}],"about":[{"href":"https:\/\/aa-pnh.org\/tr\/wp-json\/wp\/v2\/types\/page"}],"author":[{"embeddable":true,"href":"https:\/\/aa-pnh.org\/tr\/wp-json\/wp\/v2\/users\/7"}],"replies":[{"embeddable":true,"href":"https:\/\/aa-pnh.org\/tr\/wp-json\/wp\/v2\/comments?post=6478"}],"version-history":[{"count":5,"href":"https:\/\/aa-pnh.org\/tr\/wp-json\/wp\/v2\/pages\/6478\/revisions"}],"predecessor-version":[{"id":8028,"href":"https:\/\/aa-pnh.org\/tr\/wp-json\/wp\/v2\/pages\/6478\/revisions\/8028"}],"up":[{"embeddable":true,"href":"https:\/\/aa-pnh.org\/tr\/wp-json\/wp\/v2\/pages\/6740"}],"wp:attachment":[{"href":"https:\/\/aa-pnh.org\/tr\/wp-json\/wp\/v2\/media?parent=6478"}],"curies":[{"name":"wp","href":"https:\/\/api.w.org\/{rel}","templated":true}]}}