{"id":6479,"date":"2017-08-24T12:57:38","date_gmt":"2017-08-24T10:57:38","guid":{"rendered":"https:\/\/aa-pnh.org\/?page_id=6479"},"modified":"2026-04-04T15:24:28","modified_gmt":"2026-04-04T13:24:28","slug":"switzerland","status":"publish","type":"page","link":"https:\/\/aa-pnh.org\/tr\/specialised-centres-aa-pnh\/switzerland\/","title":{"rendered":"\u0130svi\u00e7re&#8217;de AA\/PNH uzmanlar\u0131 (specialists Switzerland)"},"content":{"rendered":"<h1><span style=\"color: #00a884;\">\u0130svi\u00e7re&#8217;deki Doktorlar<\/span><\/h1>\n<p>A\u015fa\u011f\u0131da \u0130svi\u00e7re&#8217;de AA ve PNH alan\u0131nda uzmanla\u015fm\u0131\u015f doktorlar\u0131n bir listesini bulacaks\u0131n\u0131z. Liste konuma g\u00f6re alfabetik olarak s\u0131ralanm\u0131\u015ft\u0131r.<br \/>\n<!-- Inhalt --><\/p>\n<h4><a href=\"#basel\">Basel<\/a><\/h4>\n<h4><a href=\"#zuerich\">Z\u00fcrich<\/a><\/h4>\n<p>&nbsp;<\/p>\n<h3><a name=\"basel\"><\/a><span style=\"color: #00a884;\">Basel \u00dcniversite Hastanesi (USB)<\/span><\/h3>\n<p><a href=\"https:\/\/www.unispital-basel.ch\/haematologie\" target=\"_blank\" rel=\"noopener\">K\u00f6k H\u00fccre Nakli Merkezi Hematoloji Klini\u011fi<\/a><br \/>\nPetersgraben 4<br \/>\nCH &#8211; 4031 Basel<\/p>\n<p><strong>Prof. Dr. med. Jakob Passweg<\/strong><br \/>\nTel.: +41 61 265 4254<br \/>\nE-posta: <a href=\"mailto:Jakob.Passweg@usb.ch\">Jakob.Passweg(at)usb.ch<\/a><\/p>\n<p><strong>Dr. med. Beatrice Drexler<\/strong><br \/>\nTel.: +41 61 265 2525<br \/>\nE-posta: <a href=\"mailto:Beatrice.Drexler@usb.ch\">Beatrice.Drexler(at)usb.ch<\/a><\/p>\n<h3><a style=\"color: #00a884;\">Birle\u015fik Basel \u00dcniversitesi \u00c7ocuk Hastanesi (UKBB)<\/a><\/h3>\n<p><a href=\"https:\/\/www.ukbb.ch\/behandlung-betreuung\/medizinisches-angebot\/haematologie-onkologie\/\" target=\"_blank\" rel=\"noopener\">Onkoloji\/Hematoloji<\/a><br \/>\nSpitalstrasse 33<br \/>\nCH &#8211; 4056 Basel<\/p>\n<p><strong>Prof. Dr. med. Thomas K\u00fchne<\/strong><br \/>\nTel.: +41 61 704 1212<br \/>\nFaks: +41 61 704 1213<br \/>\nE-posta: <a href=\"mailto:thomas.kuehne@ukbb.ch\"><span style=\"color: #1115ff;\">thomas.kuehne(at)ukbb.ch<\/span><\/a><\/p>\n<p><strong>Prof. Dr. med. Nicolas von der Weid<\/strong><br \/>\nTel.: +41 61 704 1212<br \/>\nFaks: +41 61 704 1213<br \/>\nE-posta: <a href=\"mailto:nicolas.vonderweid@ukbb.ch\"><span style=\"color: #1115ff;\">nicolas.vonderweid(at)ukbb.ch<\/span><\/a><\/p>\n<p>&nbsp;<\/p>\n<h3><a name=\"zuerich\"><\/a><span style=\"color: #00a884;\">Z\u00fcrih \u00dcniversite Hastanesi (USZ)<\/span><\/h3>\n<p><a href=\"https:\/\/www.usz.ch\/fachbereich\/medizinische-onkologie-und-haematologie\/\" target=\"_blank\" rel=\"noopener\">T\u0131bbi Onkoloji ve Hematologi Klini\u011fi<\/a><br \/>\nR\u00e4mistrasse 100<br \/>\nCH &#8211; 8091 Z\u00fcrich<\/p>\n<p><strong>Prof. Dr. med. Dr. rer. nat. Stefan Balabanov<\/strong><br \/>\nTel.: +41 44 255 3782<br \/>\nFaks: +41 44 255 4568<br \/>\nE-posta: <a href=\"mailto:stefan.balabanov@usz.ch\"><span style=\"color: #1115ff;\">stefan.balabanov(at)usz.ch<\/span><\/a><\/p>\n<p><strong>Dr. med. Marina Bissig<\/strong><br \/>\nTel.: +41 44 255 8139<br \/>\nFaks: +41 44 255 4568<br \/>\nE-posta: <a href=\"mailto:marina.bissig@usz.ch\"><span style=\"color: #1115ff;\">marina.bissig(at)usz.ch<\/span><\/a><\/p>\n<h3><a style=\"color: #00a884;\">Z\u00fcrih \u00dcniversitesi \u00c7ocuk Hastanesi (UZH)<\/a><\/h3>\n<p><a href=\"https:\/\/www.kispi.uzh.ch\/de\/patienten-und-angehoerige\/fachbereiche\/haemtologie\/Seiten\/default.aspx\" target=\"_blank\" rel=\"noopener\">Pediyatrik Hematoloji \/ Onkoloji FMH, FAMH<\/a><br \/>\nSteinwiesstrasse 75<br \/>\nCH &#8211; 8032 Z\u00fcrich<\/p>\n<p><strong>Prof. Dr. med. Markus Schmugge Liner<\/strong><br \/>\nTel.: +41 44 266 73 07<br \/>\nFaks: +41 44 266 71 71<br \/>\nE-posta: <a href=\"mailto:markus.schmugge@kispi.uzh.ch\"><span style=\"color: #1115ff;\">markus.schmugge(at)kispi.uzh.ch<\/span><\/a><\/p>\n<p>&nbsp;<\/p>\n","protected":false},"excerpt":{"rendered":"<p>\u0130svi\u00e7re&#8217;deki Doktorlar A\u015fa\u011f\u0131da \u0130svi\u00e7re&#8217;de AA ve PNH alan\u0131nda uzmanla\u015fm\u0131\u015f doktorlar\u0131n bir listesini bulacaks\u0131n\u0131z. Liste konuma g\u00f6re alfabetik olarak s\u0131ralanm\u0131\u015ft\u0131r. Basel Z\u00fcrich &nbsp; Basel \u00dcniversite Hastanesi (USB) K\u00f6k H\u00fccre Nakli Merkezi Hematoloji Klini\u011fi Petersgraben 4 CH &#8211; 4031 Basel Prof. Dr. med. Jakob Passweg Tel.: +41&#8230;<\/p>\n","protected":false},"author":7,"featured_media":0,"parent":6740,"menu_order":99,"comment_status":"closed","ping_status":"closed","template":"","meta":{"footnotes":""},"class_list":["post-6479","page","type-page","status-publish","hentry"],"_links":{"self":[{"href":"https:\/\/aa-pnh.org\/tr\/wp-json\/wp\/v2\/pages\/6479","targetHints":{"allow":["GET"]}}],"collection":[{"href":"https:\/\/aa-pnh.org\/tr\/wp-json\/wp\/v2\/pages"}],"about":[{"href":"https:\/\/aa-pnh.org\/tr\/wp-json\/wp\/v2\/types\/page"}],"author":[{"embeddable":true,"href":"https:\/\/aa-pnh.org\/tr\/wp-json\/wp\/v2\/users\/7"}],"replies":[{"embeddable":true,"href":"https:\/\/aa-pnh.org\/tr\/wp-json\/wp\/v2\/comments?post=6479"}],"version-history":[{"count":4,"href":"https:\/\/aa-pnh.org\/tr\/wp-json\/wp\/v2\/pages\/6479\/revisions"}],"predecessor-version":[{"id":9157,"href":"https:\/\/aa-pnh.org\/tr\/wp-json\/wp\/v2\/pages\/6479\/revisions\/9157"}],"up":[{"embeddable":true,"href":"https:\/\/aa-pnh.org\/tr\/wp-json\/wp\/v2\/pages\/6740"}],"wp:attachment":[{"href":"https:\/\/aa-pnh.org\/tr\/wp-json\/wp\/v2\/media?parent=6479"}],"curies":[{"name":"wp","href":"https:\/\/api.w.org\/{rel}","templated":true}]}}