{"id":6697,"date":"2017-04-10T11:42:28","date_gmt":"2017-04-10T09:42:28","guid":{"rendered":"https:\/\/aa-pnh.org\/?page_id=6697"},"modified":"2025-05-24T09:45:13","modified_gmt":"2025-05-24T07:45:13","slug":"ana-sayfa","status":"publish","type":"page","link":"https:\/\/aa-pnh.org\/tr\/","title":{"rendered":"ANA SAYFA (Home)"},"content":{"rendered":"<p><em><strong>Web sitemize ho\u015f geldiniz!<\/strong><\/em><\/p>\r\n<p>Burada <a href=\"https:\/\/aa-pnh.org\/tr\/hastaliklar\/aplastik-anemi\/\">aplastik anemi<\/a> ve <a href=\"https:\/\/aa-pnh.org\/tr\/pnh\/\">PNH<\/a> hakk\u0131nda bilgilerin yan\u0131 s\u0131ra hastalar ve yak\u0131nlar\u0131 i\u00e7in sundu\u011fumuz hizmetleri bulabilirsiniz. T\u00fcrk\u00e7e sayfalar halen yap\u0131m a\u015famas\u0131ndad\u0131r. Sab\u0131rl\u0131 olman\u0131z\u0131 rica ediyoruz. Herhangi bir sorunuz veya talebiniz varsa, l\u00fctfen bizimle ileti\u015fime ge\u00e7mekten \u00e7ekinmeyin.<\/p>\r\n<p><strong><em>Asla pes etmeyin &#8211; yaln\u0131z de\u011filsiniz! <\/em><\/strong><\/p>\r\n<p><a href=\"https:\/\/aa-pnh.org\/wp-content\/uploads\/AA-PNH-bilgiler-2024-TR-web-1.pdf\" target=\"_blank\" rel=\"noopener\">Bro\u015f\u00fcr\u00fcm\u00fcz (T\u00fcrk\u00e7e): Hastalar ve yak\u0131nlar\u0131 i\u00e7in bilgiler<\/a><\/p>\r\n<p>&nbsp;<\/p>\r\n<p>\u00c7eviri: Serkan Taylan (<a href=\"https:\/\/www.tuerkische-medizinische-uebersetzungen.de\/\" target=\"_blank\" rel=\"noopener\">www.tuerkische-medizinische-uebersetzungen.de<\/a>)<\/p>\r\n<p>D\u00fczelti: Mehmet Onur Kirit, <a href=\"https:\/\/uk-aachen.de\/\" target=\"_blank\" rel=\"noopener\">Aachen \u00dcniversite Hastanesi<\/a> &#8211;\u00a0G\u00f6n\u00fcll\u00fc redaksiyonunuz i\u00e7in \u00e7ok te\u015fekk\u00fcr ederiz!<\/p>\r\n<p>&nbsp;<\/p>\r\n\r\n\r\n","protected":false},"excerpt":{"rendered":"<p>Web sitemize ho\u015f geldiniz! Burada aplastik anemi ve PNH hakk\u0131nda bilgilerin yan\u0131 s\u0131ra hastalar ve yak\u0131nlar\u0131 i\u00e7in sundu\u011fumuz hizmetleri bulabilirsiniz. T\u00fcrk\u00e7e sayfalar halen yap\u0131m a\u015famas\u0131ndad\u0131r. Sab\u0131rl\u0131 olman\u0131z\u0131 rica ediyoruz. Herhangi bir sorunuz veya talebiniz varsa, l\u00fctfen bizimle ileti\u015fime ge\u00e7mekten \u00e7ekinmeyin. Asla pes etmeyin &#8211; yaln\u0131z&#8230;<\/p>\n","protected":false},"author":7,"featured_media":0,"parent":0,"menu_order":91,"comment_status":"closed","ping_status":"closed","template":"blog-large-image.php","meta":{"footnotes":""},"class_list":["post-6697","page","type-page","status-publish","hentry"],"_links":{"self":[{"href":"https:\/\/aa-pnh.org\/tr\/wp-json\/wp\/v2\/pages\/6697","targetHints":{"allow":["GET"]}}],"collection":[{"href":"https:\/\/aa-pnh.org\/tr\/wp-json\/wp\/v2\/pages"}],"about":[{"href":"https:\/\/aa-pnh.org\/tr\/wp-json\/wp\/v2\/types\/page"}],"author":[{"embeddable":true,"href":"https:\/\/aa-pnh.org\/tr\/wp-json\/wp\/v2\/users\/7"}],"replies":[{"embeddable":true,"href":"https:\/\/aa-pnh.org\/tr\/wp-json\/wp\/v2\/comments?post=6697"}],"version-history":[{"count":18,"href":"https:\/\/aa-pnh.org\/tr\/wp-json\/wp\/v2\/pages\/6697\/revisions"}],"predecessor-version":[{"id":8036,"href":"https:\/\/aa-pnh.org\/tr\/wp-json\/wp\/v2\/pages\/6697\/revisions\/8036"}],"wp:attachment":[{"href":"https:\/\/aa-pnh.org\/tr\/wp-json\/wp\/v2\/media?parent=6697"}],"curies":[{"name":"wp","href":"https:\/\/api.w.org\/{rel}","templated":true}]}}