{"id":6740,"date":"2017-08-24T12:06:47","date_gmt":"2017-08-24T10:06:47","guid":{"rendered":"https:\/\/aa-pnh.org\/?page_id=6740"},"modified":"2026-04-04T15:20:56","modified_gmt":"2026-04-04T13:20:56","slug":"specialised-centres-aa-pnh","status":"publish","type":"page","link":"https:\/\/aa-pnh.org\/tr\/specialised-centres-aa-pnh\/","title":{"rendered":"Uzmanlar (specialists)"},"content":{"rendered":"<h2><span style=\"color: #00a884;\">AA VE PNH I\u0307\u00c7I\u0307N UZMAN HEKI\u0307MLER<\/span><\/h2>\r\n<p>A\u015fa\u011f\u0131da Almanya, Avusturya ve \u0130svi\u00e7re&#8217;de aplastik anemi (AA) ve paroksismal nokturnal hemoglobin\u00fcri (PNH) konusunda uzmanla\u015fm\u0131\u015f doktorlar\u0131n bir listesini bulacaks\u0131n\u0131z:<\/p>\r\n<p><span style=\"color: #000080;\"><a style=\"color: #000080;\" href=\"https:\/\/aa-pnh.org\/tr\/uzmanlar-aa-pnh\/almanyada\/\">Almanya&#8217;da uzman doktorlar<\/a><\/span><\/p>\r\n<p><span style=\"color: #000080;\"><a style=\"color: #000080;\" href=\"https:\/\/aa-pnh.org\/tr\/uzmanlar-aa-pnh\/avusturyada\/\">Avusturya&#8217;da uzman doktorlar<\/a><\/span><\/p>\r\n<p><span style=\"color: #000080;\"><a style=\"color: #000080;\" href=\"https:\/\/aa-pnh.org\/tr\/uzmanlar-aa-pnh\/isvicrede\/\">\u0130svi\u00e7re&#8217;de uzman doktorlar<\/a><\/span><\/p>\r\n\r\n<p>&nbsp;<\/p>\r\n","protected":false},"excerpt":{"rendered":"<p>AA VE PNH I\u0307\u00c7I\u0307N UZMAN HEKI\u0307MLER A\u015fa\u011f\u0131da Almanya, Avusturya ve \u0130svi\u00e7re&#8217;de aplastik anemi (AA) ve paroksismal nokturnal hemoglobin\u00fcri (PNH) konusunda uzmanla\u015fm\u0131\u015f doktorlar\u0131n bir listesini bulacaks\u0131n\u0131z: Almanya&#8217;da uzman doktorlar Avusturya&#8217;da uzman doktorlar \u0130svi\u00e7re&#8217;de uzman doktorlar &nbsp;<\/p>\n","protected":false},"author":7,"featured_media":0,"parent":0,"menu_order":66,"comment_status":"closed","ping_status":"closed","template":"","meta":{"footnotes":""},"class_list":["post-6740","page","type-page","status-publish","hentry"],"_links":{"self":[{"href":"https:\/\/aa-pnh.org\/tr\/wp-json\/wp\/v2\/pages\/6740","targetHints":{"allow":["GET"]}}],"collection":[{"href":"https:\/\/aa-pnh.org\/tr\/wp-json\/wp\/v2\/pages"}],"about":[{"href":"https:\/\/aa-pnh.org\/tr\/wp-json\/wp\/v2\/types\/page"}],"author":[{"embeddable":true,"href":"https:\/\/aa-pnh.org\/tr\/wp-json\/wp\/v2\/users\/7"}],"replies":[{"embeddable":true,"href":"https:\/\/aa-pnh.org\/tr\/wp-json\/wp\/v2\/comments?post=6740"}],"version-history":[{"count":5,"href":"https:\/\/aa-pnh.org\/tr\/wp-json\/wp\/v2\/pages\/6740\/revisions"}],"predecessor-version":[{"id":8030,"href":"https:\/\/aa-pnh.org\/tr\/wp-json\/wp\/v2\/pages\/6740\/revisions\/8030"}],"wp:attachment":[{"href":"https:\/\/aa-pnh.org\/tr\/wp-json\/wp\/v2\/media?parent=6740"}],"curies":[{"name":"wp","href":"https:\/\/api.w.org\/{rel}","templated":true}]}}