{"id":6750,"date":"2017-05-19T09:22:28","date_gmt":"2017-05-19T07:22:28","guid":{"rendered":"https:\/\/aa-pnh.org\/?page_id=6750"},"modified":"2024-05-11T12:01:55","modified_gmt":"2024-05-11T10:01:55","slug":"deneyim-paylasimlari","status":"publish","type":"page","link":"https:\/\/aa-pnh.org\/tr\/diseases\/deneyim-paylasimlari\/","title":{"rendered":"Deneyim Payla\u015f\u0131mlar\u0131"},"content":{"rendered":"<h1><span style=\"color: #0093bf;\">Deneyim Payla\u015f\u0131mlar\u0131<\/span><\/h1>\n<p><\/br><br \/>\n&nbsp;<\/p>\n<p><span style=\"color: #000080;\"><a style=\"color: #000080;\" href=\"https:\/\/aa-pnh.org\/tr\/hastaliklar\/deneyim-paylasimlari\/johanna-anlatiyor\/\">Johanna<\/a><\/span><\/p>\n<p><span style=\"color: #000080;\"><a style=\"color: #000080;\" href=\"https:\/\/aa-pnh.org\/erkrankungen\/erfahrungsberichte\/ulrike\/\" rel=\"noopener\">Ulrike<\/a><\/span><\/p>\n","protected":false},"excerpt":{"rendered":"<p>Deneyim Payla\u015f\u0131mlar\u0131 &nbsp; Johanna Ulrike<\/p>\n","protected":false},"author":7,"featured_media":0,"parent":6464,"menu_order":72,"comment_status":"closed","ping_status":"closed","template":"","meta":{"footnotes":""},"class_list":["post-6750","page","type-page","status-publish","hentry"],"_links":{"self":[{"href":"https:\/\/aa-pnh.org\/tr\/wp-json\/wp\/v2\/pages\/6750","targetHints":{"allow":["GET"]}}],"collection":[{"href":"https:\/\/aa-pnh.org\/tr\/wp-json\/wp\/v2\/pages"}],"about":[{"href":"https:\/\/aa-pnh.org\/tr\/wp-json\/wp\/v2\/types\/page"}],"author":[{"embeddable":true,"href":"https:\/\/aa-pnh.org\/tr\/wp-json\/wp\/v2\/users\/7"}],"replies":[{"embeddable":true,"href":"https:\/\/aa-pnh.org\/tr\/wp-json\/wp\/v2\/comments?post=6750"}],"version-history":[{"count":1,"href":"https:\/\/aa-pnh.org\/tr\/wp-json\/wp\/v2\/pages\/6750\/revisions"}],"predecessor-version":[{"id":6756,"href":"https:\/\/aa-pnh.org\/tr\/wp-json\/wp\/v2\/pages\/6750\/revisions\/6756"}],"up":[{"embeddable":true,"href":"https:\/\/aa-pnh.org\/tr\/wp-json\/wp\/v2\/pages\/6464"}],"wp:attachment":[{"href":"https:\/\/aa-pnh.org\/tr\/wp-json\/wp\/v2\/media?parent=6750"}],"curies":[{"name":"wp","href":"https:\/\/api.w.org\/{rel}","templated":true}]}}