{"id":8918,"date":"2017-08-24T12:06:47","date_gmt":"2017-08-24T10:06:47","guid":{"rendered":"https:\/\/aa-pnh.org\/?page_id=8918"},"modified":"2026-04-04T13:48:45","modified_gmt":"2026-04-04T11:48:45","slug":"specialised-centres-aa-pnh","status":"publish","type":"page","link":"https:\/\/aa-pnh.org\/vi\/specialised-centres-aa-pnh\/","title":{"rendered":"chuy\u00ean gia (Specialised AA\/PNH Centres)"},"content":{"rendered":"<h2><span style=\"color: #00a884\">B\u00c1C S\u0128 CHUY\u00caN KHOA V\u1ec0 AA V\u00c0 PNH<\/span><\/h2>\r\n<p>&nbsp;<\/p>\r\n<p>D\u01b0\u1edbi \u0111\u00e2y l\u00e0 danh s\u00e1ch c\u00e1c b\u00e1c s\u0129 chuy\u00ean v\u1ec1 thi\u1ebfu m\u00e1u b\u1ea5t s\u1ea3n (AA) v\u00e0 hemoglobin ni\u1ec7u k\u1ecbch ph\u00e1t ban \u0111\u00eam (PNH) \u1edf \u0110\u1ee9c, \u00c1o v\u00e0 Th\u1ee5y S\u0129.:<\/p>\r\n<p><span style=\"color: #000080\"><a style=\"color: #000080\" href=\"https:\/\/aa-pnh.org\/vi\/?page_id=8920\">b\u00e1c s\u0129 chuy\u00ean khoa \u1edf \u0110\u1ee9c<\/a><\/span><\/p>\r\n<p><span style=\"color: #000080\"><a style=\"color: #000080\" href=\"https:\/\/aa-pnh.org\/vi\/?page_id=8926\">B\u00e1c s\u0129 chuy\u00ean khoa \u1edf \u00c1o<\/a><\/span><\/p>\r\n<p><span style=\"color: #000080\"><a style=\"color: #000080\" href=\"https:\/\/aa-pnh.org\/vi\/?page_id=8935\">b\u00e1c s\u0129 chuy\u00ean khoa \u1edf Th\u1ee5y S\u0129<\/a><\/span><\/p>\r\n<p>&nbsp;<\/p>\r\n\r\n<p>&nbsp;<\/p>\r\n","protected":false},"excerpt":{"rendered":"<p>B\u00c1C S\u0128 CHUY\u00caN KHOA V\u1ec0 AA V\u00c0 PNH &nbsp; D\u01b0\u1edbi \u0111\u00e2y l\u00e0 danh s\u00e1ch c\u00e1c b\u00e1c s\u0129 chuy\u00ean v\u1ec1 thi\u1ebfu m\u00e1u b\u1ea5t s\u1ea3n (AA) v\u00e0 hemoglobin ni\u1ec7u k\u1ecbch ph\u00e1t ban \u0111\u00eam (PNH) \u1edf \u0110\u1ee9c, \u00c1o v\u00e0 Th\u1ee5y S\u0129.: b\u00e1c s\u0129 chuy\u00ean khoa \u1edf \u0110\u1ee9c B\u00e1c&#8230;<\/p>\n","protected":false},"author":12,"featured_media":0,"parent":0,"menu_order":66,"comment_status":"closed","ping_status":"closed","template":"","meta":{"footnotes":""},"class_list":["post-8918","page","type-page","status-publish","hentry"],"_links":{"self":[{"href":"https:\/\/aa-pnh.org\/vi\/wp-json\/wp\/v2\/pages\/8918","targetHints":{"allow":["GET"]}}],"collection":[{"href":"https:\/\/aa-pnh.org\/vi\/wp-json\/wp\/v2\/pages"}],"about":[{"href":"https:\/\/aa-pnh.org\/vi\/wp-json\/wp\/v2\/types\/page"}],"author":[{"embeddable":true,"href":"https:\/\/aa-pnh.org\/vi\/wp-json\/wp\/v2\/users\/12"}],"replies":[{"embeddable":true,"href":"https:\/\/aa-pnh.org\/vi\/wp-json\/wp\/v2\/comments?post=8918"}],"version-history":[{"count":4,"href":"https:\/\/aa-pnh.org\/vi\/wp-json\/wp\/v2\/pages\/8918\/revisions"}],"predecessor-version":[{"id":9134,"href":"https:\/\/aa-pnh.org\/vi\/wp-json\/wp\/v2\/pages\/8918\/revisions\/9134"}],"wp:attachment":[{"href":"https:\/\/aa-pnh.org\/vi\/wp-json\/wp\/v2\/media?parent=8918"}],"curies":[{"name":"wp","href":"https:\/\/api.w.org\/{rel}","templated":true}]}}