{"id":8920,"date":"2017-04-10T12:23:01","date_gmt":"2017-04-10T10:23:01","guid":{"rendered":"https:\/\/aa-pnh.org\/?page_id=8920"},"modified":"2026-04-04T15:12:02","modified_gmt":"2026-04-04T13:12:02","slug":"germany","status":"publish","type":"page","link":"https:\/\/aa-pnh.org\/vi\/specialised-centres-aa-pnh\/germany\/","title":{"rendered":"Chuy\u00ean gia v\u1ec1 AA\/PNH \u1edf \u0110\u1ee9c (specialists Germany)"},"content":{"rendered":"<h1><span style=\"color: #00a884\">B\u00e1c s\u0129 \u1edf \u0110\u1ee9c<\/span><\/h1>\n<p>D\u01b0\u1edbi \u0111\u00e2y l\u00e0 danh s\u00e1ch c\u00e1c b\u00e1c s\u0129 chuy\u00ean khoa AA v\u00e0 PNH t\u1ea1i \u0110\u1ee9c. Danh s\u00e1ch \u0111\u01b0\u1ee3c s\u1eafp x\u1ebfp theo th\u1ee9 t\u1ef1 alphabet theo \u0111\u1ecba \u0111i\u1ec3m.<\/p>\n<p><!-- Inhalt --><\/p>\n<h4><a href=\"#aachen\">Aachen<\/a><\/h4>\n<h4><a href=\"#berlin\">Berlin<\/a><\/h4>\n<h4><a href=\"#dresden\">Dresden<\/a><\/h4>\n<h4><a href=\"#essen\">Essen<\/a><\/h4>\n<h4><a href=\"#hamburg\">Hamburg<\/a><\/h4>\n<h4><a href=\"#hannover\">Hannover<\/a><\/h4>\n<h4><a href=\"#riesa\">Riesa<\/a><\/h4>\n<h4><a href=\"#ulm\">Ulm<\/a><\/h4>\n<p>&nbsp;<\/p>\n<h2><a name=\"aachen\"><\/a><span style=\"color: #00a884\">B\u1ec7nh vi\u1ec7n \u0110\u1ea1i h\u1ecdc Aachen<\/span><\/h2>\n<p><a href=\"https:\/\/www.ukaachen.de\/kliniken-institute\/klinik-fuer-haematologie-onkologie-haemostaseologie-und-stammzelltransplantation-med-klinik-iv.html\" target=\"_blank\" rel=\"noopener\">B\u1ec7nh vi\u1ec7n \u0111a khoa IV<\/a><br \/>\nHuy\u1ebft h\u1ecdc v\u00e0 ung th\u01b0 h\u1ecdc<br \/>\n\u0110\u01b0\u1eddng Pauwels 30<br \/>\n52074 Aachen<br \/>\n\u0110i\u1ec7n tho\u1ea1i: +49 241 80 89062<br \/>\nFax: +49 241 80 82156<\/p>\n<p><strong>Prof. Dr. med. Tim H. Br\u00fcmmendorf<\/strong><br \/>\nE-Mail: <a href=\"mailto:tbruemmendorf@ukaachen.de\"><span style=\"color: #1115ff\">tbruemmendorf(at)ukaachen.de<\/span><\/a><br \/>\nV\u0103n ph\u00f2ng<br \/>\nB\u00e0 Marion Adrian-Reinartz<br \/>\nE-Mail: <a href=\"mailto:madrian@ukaachen.de\"><span style=\"color: #1115ff\">madrian(at)ukaachen.de<\/span><\/a><\/p>\n<p><strong>Priv.-Doz. Dr. med. Jens Panse<\/strong><br \/>\nE-Mail: <a href=\"mailto:jpanse@ukaachen.de\"><span style=\"color: #1115ff\">jpanse(at)ukaachen.de<\/span><\/a><\/p>\n<p><strong>Priv.-Doz. Dr. med. Fabian Beier<\/strong><br \/>\nE-Mail: <a href=\"mailto:fbeier@ukaachen.de\"><span style=\"color: #1115ff\">fbeier(at)ukaachen.de<\/span><\/a><\/p>\n<p>&nbsp;<\/p>\n<h2><a name=\"berlin\"><\/a><span style=\"color: #00a884\">Charit\u00e9 &#8211; B\u1ec7nh vi\u1ec7n \u0110\u1ea1i h\u1ecdc Berlin<\/span><\/h2>\n<p><a href=\"https:\/\/haema-onko-cvk.charite.de\/\" target=\"_blank\" rel=\"noopener\">CVK: B\u1ec7nh vi\u1ec7n Virchow, Trung t\u00e2m Y h\u1ecdc Ung th\u01b0 CC14<\/a><br \/>\nB\u1ec7nh vi\u1ec7n chuy\u00ean khoa y t\u1ebf v\u1edbi tr\u1ecdng t\u00e2m l\u00e0 huy\u1ebft h\u1ecdc, ung th\u01b0 h\u1ecdc v\u00e0 mi\u1ec5n d\u1ecbch h\u1ecdc ung th\u01b0<br \/>\nAugustenburger Platz 1<br \/>\n13353 Berlin<\/p>\n<p><strong>Prof. Dr. med. J\u00f6rg Westermann<\/strong><br \/>\n\u0110i\u1ec7n tho\u1ea1i.: +49 30 450 553 192<br \/>\nFax: +49 30 450 553 914<br \/>\nE-Mail: <a href=\"mailto:joerg.westermann@charite.de\"><span style=\"color: #1115ff\">joerg.westermann(at)charite.de<\/span><\/a><\/p>\n<p><strong>Dr. med. Michaela Schwarz<\/strong><br \/>\n\u0110i\u1ec7n tho\u1ea1i.: +49 30 450 665 304<br \/>\nFax: +49 30 450 553 930<br \/>\nE-Mail: <a href=\"mailto:michaela.schwarz@charite.de\"><span style=\"color: #1115ff\">michaela.schwarz(at)charite.de<\/span><\/a><\/p>\n<p>&nbsp;<\/p>\n<h2><a name=\"dresden\"><\/a><span style=\"color: #00a884\">B\u1ec7nh vi\u1ec7n \u0110\u1ea1i h\u1ecdc Carl Gustav Carus Dresden<\/span><\/h2>\n<p><a href=\"https:\/\/www.uniklinikum-dresden.de\/de\/das-klinikum\/kliniken-polikliniken-institute\/mk1\/fachabteilungen\/haematologie\/ambulanzen\" target=\"_blank\" rel=\"noopener\">Trung t\u00e2m c\u1ea5p c\u1ee9u<\/a><br \/>\nFetscherstra\u00dfe 74<br \/>\n01307 Dresden<\/p>\n<p><strong>Prof. Dr. med. J\u00f6rg Schubert<\/strong><\/p>\n<p>Bu\u1ed5i t\u01b0 v\u1ea5n \u0111\u1eb7c bi\u1ec7t h\u00e0ng th\u00e1ng v\u1ec1 huy\u1ebft h\u1ecdc kh\u00f4ng \u00e1c t\u00ednh<br \/>\n\u0110\u1eb7t h\u1eb9n qua \u0111i\u1ec7n tho\u1ea1i theo s\u1ed1 +49 351 458 2583<\/p>\n<p>&nbsp;<\/p>\n<h2><a name=\"essen\"><\/a><span style=\"color: #00a884\">B\u1ec7nh vi\u1ec7n \u0110\u1ea1i h\u1ecdc Essen<\/span><\/h2>\n<p><a href=\"https:\/\/wtz-essen.de\/index.php?id=267\" target=\"_blank\" rel=\"noopener\">Ph\u00f2ng c\u1ea5p c\u1ee9u cho PNH v\u00e0 AA<\/a><br \/>\nB\u1ec7nh vi\u1ec7n Huy\u1ebft h\u1ecdc v\u00e0 C\u1ea5y gh\u00e9p T\u1ebf b\u00e0o G\u1ed1c<br \/>\nTrung t\u00e2m Ung th\u01b0 T\u00e2y \u0110\u1ee9c<br \/>\nHufelandstra\u00dfe 55<br \/>\n45147 Essen<\/p>\n<p><strong>Prof. Dr. med. Alexander R\u00f6th<\/strong><br \/>\n\u0110i\u1ec7n tho\u1ea1i.: +49 201 723 5136<br \/>\nFax: +49 201 723 1716<br \/>\nE-Mail: <a href=\"mailto:alexander.roeth@uk-essen.de\"><span style=\"color: #1115ff\">alexander.roeth(at)uk-essen.de<\/span><\/a><\/p>\n<p>&nbsp;<\/p>\n<h2><a name=\"hamburg\"><\/a><span style=\"color: #00a884\">B\u1ec7nh vi\u1ec7n \u0110\u1ea1i h\u1ecdc Hamburg-Eppendorf<\/span><\/h2>\n<p><a href=\"https:\/\/www.uke.de\/kliniken-institute\/zentren\/universit%C3%A4res-cancer-center-hamburg-(ucch)\/%C3%BCber-das-tumorzentrum\/index.html\" target=\"_blank\" rel=\"noopener\">Ph\u00f2ng kh\u00e1m ung th\u01b0-huy\u1ebft h\u1ecdc c\u1ee7a UCCH<\/a><br \/>\nMartinistra\u00dfe 52<br \/>\n20246 Hamburg<\/p>\n<p><strong>Dr. med. Philippe Schafhausen<\/strong><br \/>\n\u0110i\u1ec7n tho\u1ea1i.: +49 40 7410 57122<br \/>\n\u0110i\u1ec7n tho\u1ea1i.: +49 40 7410 53980 (Ambulanz)<br \/>\nFax: +49 40 7410 57123<br \/>\nE-Mail: <a href=\"mailto:schafhausen@uke.de\"><span style=\"color: #1115ff\">schafhausen(at)uke.de<\/span><\/a><\/p>\n<p>&nbsp;<\/p>\n<h2><a name=\"hannover\"><\/a><span style=\"color: #00a884\">Tr\u01b0\u1eddng \u0110\u1ea1i h\u1ecdc Y khoa Hannover<\/span><\/h2>\n<p>Trung t\u00e2m N\u1ed9i khoa<br \/>\n<a href=\"https:\/\/www.mhh.de\/haematologie\" target=\"_blank\" rel=\"noopener\">B\u1ec7nh vi\u1ec7n chuy\u00ean khoa Huy\u1ebft h\u1ecdc, Huy\u1ebft h\u1ecdc \u0111\u00f4ng m\u00e1u, Ung th\u01b0 h\u1ecdc v\u00e0 C\u1ea5y gh\u00e9p t\u1ebf b\u00e0o g\u1ed1c<\/a><br \/>\nCarl-Neuberg-Stra\u00dfe 1<br \/>\n30625 Hannover<\/p>\n<p><strong>Prof. Dr. med. Michael Heuser<\/strong><br \/>\n\u0110i\u1ec7n tho\u1ea1i.: +49 511 532 3140<br \/>\nFax: +49 511 532 8049<br \/>\nE-Mail: <a href=\"mailto:haema.onko-ambulanz@mh-hannover.de\"><span style=\"color: #1115ff\">haema.onko-ambulanz(at)mh-hannover.de<\/span><\/a><\/p>\n<p>&nbsp;<\/p>\n<h2><a name=\"riesa\"><\/a><span style=\"color: #00a884\">B\u1ec7nh vi\u1ec7n Elbland Riesa<\/span><\/h2>\n<p><a href=\"https:\/\/www.elblandkliniken.de\/kliniken-zentren\/riesa-innere-medizin-onkologie-haematologie-und-palliativmedizin\" target=\"_blank\" rel=\"noopener\">Huy\u1ebft h\u1ecdc, ung th\u01b0 h\u1ecdc v\u00e0 y h\u1ecdc gi\u1ea3m nh\u1eb9<\/a><br \/>\nWeinbergstra\u00dfe 8<br \/>\n01589 Riesa<\/p>\n<p><strong>Prof. Dr. med. J\u00f6rg Schubert<\/strong><br \/>\n\u0110i\u1ec7n tho\u1ea1i.: +49 3525 75 3553<br \/>\nE-Mail: <a href=\"mailto:Joerg.Schubert@elblandkliniken.de\"><span style=\"color: #1115ff\">Joerg.Schubert(at)elblandkliniken.de<\/span><\/a><\/p>\n<p>&nbsp;<\/p>\n<h2><a name=\"ulm\"><\/a><span style=\"color: #00a884\">B\u1ec7nh vi\u1ec7n \u0110\u1ea1i h\u1ecdc Ulm<\/span><\/h2>\n<p>Vi\u1ec7n Y h\u1ecdc Truy\u1ec1n m\u00e1u L\u00e2m s\u00e0ng v\u00e0 Di truy\u1ec1n Mi\u1ec5n d\u1ecbch Ulm gGmbH (IKT)<br \/>\n<a href=\"https:\/\/www.uniklinik-ulm.de\/innere-medizin-iii.html\" target=\"_blank\" rel=\"noopener\">Vi\u1ec7n Y h\u1ecdc Truy\u1ec1n m\u00e1u c\u1ee7a B\u1ec7nh vi\u1ec7n \u0110\u1ea1i h\u1ecdc Ulm<\/a><br \/>\nHelmholtzstra\u00dfe 10<br \/>\n<strong>89081 Ulm<\/strong><\/p>\n<p><strong>Prof. Dr. med. Hubert Schrezenmeier<\/strong><br \/>\n\u0110i\u1ec7n tho\u1ea1i.: +49 731 150 550<br \/>\nFax: +49 731 150 500<br \/>\nE-Mail: <a href=\"mailto:h.schrezenmeier@blutspende.de\"><span style=\"color: #1115ff\">h.schrezenmeier(at)blutspende.de<\/span><\/a><\/p>\n<p><strong>Dr. med. Britta H\u00f6chsmann<\/strong><br \/>\nFax: +49 731 150 500<br \/>\nE-Mail: <a href=\"mailto:b.hoechsmann@blutspende.de\"><span style=\"color: #1115ff\">b.hoechsmann(at)blutspende.de<\/span><\/a><\/p>\n","protected":false},"excerpt":{"rendered":"<p>B\u00e1c s\u0129 \u1edf \u0110\u1ee9c D\u01b0\u1edbi \u0111\u00e2y l\u00e0 danh s\u00e1ch c\u00e1c b\u00e1c s\u0129 chuy\u00ean khoa AA v\u00e0 PNH t\u1ea1i \u0110\u1ee9c. Danh s\u00e1ch \u0111\u01b0\u1ee3c s\u1eafp x\u1ebfp theo th\u1ee9 t\u1ef1 alphabet theo \u0111\u1ecba \u0111i\u1ec3m. Aachen Berlin Dresden Essen Hamburg Hannover Riesa Ulm &nbsp; B\u1ec7nh vi\u1ec7n \u0110\u1ea1i h\u1ecdc Aachen&#8230;<\/p>\n","protected":false},"author":12,"featured_media":0,"parent":8918,"menu_order":95,"comment_status":"closed","ping_status":"closed","template":"","meta":{"footnotes":""},"class_list":["post-8920","page","type-page","status-publish","hentry"],"_links":{"self":[{"href":"https:\/\/aa-pnh.org\/vi\/wp-json\/wp\/v2\/pages\/8920","targetHints":{"allow":["GET"]}}],"collection":[{"href":"https:\/\/aa-pnh.org\/vi\/wp-json\/wp\/v2\/pages"}],"about":[{"href":"https:\/\/aa-pnh.org\/vi\/wp-json\/wp\/v2\/types\/page"}],"author":[{"embeddable":true,"href":"https:\/\/aa-pnh.org\/vi\/wp-json\/wp\/v2\/users\/12"}],"replies":[{"embeddable":true,"href":"https:\/\/aa-pnh.org\/vi\/wp-json\/wp\/v2\/comments?post=8920"}],"version-history":[{"count":5,"href":"https:\/\/aa-pnh.org\/vi\/wp-json\/wp\/v2\/pages\/8920\/revisions"}],"predecessor-version":[{"id":9150,"href":"https:\/\/aa-pnh.org\/vi\/wp-json\/wp\/v2\/pages\/8920\/revisions\/9150"}],"up":[{"embeddable":true,"href":"https:\/\/aa-pnh.org\/vi\/wp-json\/wp\/v2\/pages\/8918"}],"wp:attachment":[{"href":"https:\/\/aa-pnh.org\/vi\/wp-json\/wp\/v2\/media?parent=8920"}],"curies":[{"name":"wp","href":"https:\/\/api.w.org\/{rel}","templated":true}]}}