{"id":8926,"date":"2017-08-24T12:56:49","date_gmt":"2017-08-24T10:56:49","guid":{"rendered":"https:\/\/aa-pnh.org\/?page_id=8926"},"modified":"2026-04-04T15:12:18","modified_gmt":"2026-04-04T13:12:18","slug":"austria","status":"publish","type":"page","link":"https:\/\/aa-pnh.org\/vi\/specialised-centres-aa-pnh\/austria\/","title":{"rendered":"Chuy\u00ean gia AA\/PNH \u1edf \u00c1o (specialists Austria)"},"content":{"rendered":"<h1><span style=\"color: #00a884\">B\u00e1c s\u0129 \u1edf \u00c1o<\/span><\/h1>\n<p>&nbsp;<br \/>\nD\u01b0\u1edbi \u0111\u00e2y l\u00e0 danh s\u00e1ch c\u00e1c b\u00e1c s\u0129 chuy\u00ean khoa AA v\u00e0 PNH t\u1ea1i \u00c1o. Danh s\u00e1ch \u0111\u01b0\u1ee3c s\u1eafp x\u1ebfp theo th\u1ee9 t\u1ef1 alphabet theo \u0111\u1ecba \u0111i\u1ec3m.<br \/>\n<!-- Inhalt --><\/p>\n<h4><a href=\"#linz\">Linz<\/a><\/span><\/h4>\n<h4><a href=\"#wien\">Wien<\/a><\/span><\/h4>\n<p>&nbsp;<br \/>\n&nbsp;<\/p>\n<h3><a name=\"linz\"><\/a><span style=\"color: #00a884\">B\u1ec7nh vi\u1ec7n Ordensklinikum Linz<\/span><\/h3>\n<p>B\u1ec7nh vi\u1ec7n Elisabethinen Linz GmbH<br \/>\nKhoa N\u1ed9i I<br \/>\n<a href=\"https:\/\/www.ordensklinikum.at\/de\/patienten\/abteilungen\/haematologie-onkologie\/elisabethinen\/\" rel=\"noopener\" target=\"_blank\">Huy\u1ebft h\u1ecdc v\u1edbi c\u1ea5y gh\u00e9p t\u1ebf b\u00e0o g\u1ed1c, huy\u1ebft h\u1ecdc v\u00e0 ung th\u01b0 h\u1ecdc y t\u1ebf<\/a><br \/>\nFadingerstra\u00dfe 1<br \/>\nA-4020 Linz<\/p>\n<p><strong>Dr. med. Sigrid Machherndl-Spandl<\/strong><br \/>\n\u0110i\u1ec7n tho\u1ea1i: +43 732 7676 4434<br \/>\nFax: +43 732 7676 4416<br \/>\nE-Mail: <a href=\"mailto:sigrid.machherndl-spandl@ordensklinikum.at\"><span style=\"color: #1115ff\">sigrid.machherndl-spandl(at)ordensklinikum.at<\/span><\/a><\/p>\n<p>&nbsp;<\/p>\n<h3><a name=\"wien\"><\/a><span style=\"color: #00a884\">B\u1ec7nh vi\u1ec7n \u0111a khoa Vienna<\/span><\/h3>\n<p>B\u1ec7nh vi\u1ec7n \u0110\u1ea1i h\u1ecdc N\u1ed9i khoa I<br \/>\n<a href=\"https:\/\/innere-med-1.meduniwien.ac.at\/haematology\/\" rel=\"noopener\" target=\"_blank\">Khoa l\u00e2m s\u00e0ng huy\u1ebft h\u1ecdc v\u00e0 huy\u1ebft \u0111\u1ed9ng h\u1ecdc<\/a><br \/>\nW\u00e4hringer G\u00fcrtel 18-20<br \/>\nA-1090 Wien<\/p>\n<p><strong>Univ.-Prof. Dr. med. Wolfgang F\u00fcreder<\/strong><br \/>\n\u0110i\u1ec7n tho\u1ea1i: +43 1 40400 44690 (Tagesklinik)<br \/>\nFax: +43 1 40400 40300<br \/>\nE-Mail: <a href=\"mailto:wolfgang.fuereder@meduniwien.ac.at\"><span style=\"color: #1115ff\">wolfgang.fuereder(at)meduniwien.ac.at<\/span><\/a><br \/>\n&nbsp;<\/p>\n","protected":false},"excerpt":{"rendered":"<p>B\u00e1c s\u0129 \u1edf \u00c1o &nbsp; D\u01b0\u1edbi \u0111\u00e2y l\u00e0 danh s\u00e1ch c\u00e1c b\u00e1c s\u0129 chuy\u00ean khoa AA v\u00e0 PNH t\u1ea1i \u00c1o. Danh s\u00e1ch \u0111\u01b0\u1ee3c s\u1eafp x\u1ebfp theo th\u1ee9 t\u1ef1 alphabet theo \u0111\u1ecba \u0111i\u1ec3m. Linz Wien &nbsp; &nbsp; B\u1ec7nh vi\u1ec7n Ordensklinikum Linz B\u1ec7nh vi\u1ec7n Elisabethinen Linz GmbH&#8230;<\/p>\n","protected":false},"author":12,"featured_media":0,"parent":8918,"menu_order":97,"comment_status":"closed","ping_status":"closed","template":"","meta":{"footnotes":""},"class_list":["post-8926","page","type-page","status-publish","hentry"],"_links":{"self":[{"href":"https:\/\/aa-pnh.org\/vi\/wp-json\/wp\/v2\/pages\/8926","targetHints":{"allow":["GET"]}}],"collection":[{"href":"https:\/\/aa-pnh.org\/vi\/wp-json\/wp\/v2\/pages"}],"about":[{"href":"https:\/\/aa-pnh.org\/vi\/wp-json\/wp\/v2\/types\/page"}],"author":[{"embeddable":true,"href":"https:\/\/aa-pnh.org\/vi\/wp-json\/wp\/v2\/users\/12"}],"replies":[{"embeddable":true,"href":"https:\/\/aa-pnh.org\/vi\/wp-json\/wp\/v2\/comments?post=8926"}],"version-history":[{"count":3,"href":"https:\/\/aa-pnh.org\/vi\/wp-json\/wp\/v2\/pages\/8926\/revisions"}],"predecessor-version":[{"id":9151,"href":"https:\/\/aa-pnh.org\/vi\/wp-json\/wp\/v2\/pages\/8926\/revisions\/9151"}],"up":[{"embeddable":true,"href":"https:\/\/aa-pnh.org\/vi\/wp-json\/wp\/v2\/pages\/8918"}],"wp:attachment":[{"href":"https:\/\/aa-pnh.org\/vi\/wp-json\/wp\/v2\/media?parent=8926"}],"curies":[{"name":"wp","href":"https:\/\/api.w.org\/{rel}","templated":true}]}}