{"id":8935,"date":"2017-08-24T12:57:38","date_gmt":"2017-08-24T10:57:38","guid":{"rendered":"https:\/\/aa-pnh.org\/?page_id=8935"},"modified":"2026-04-04T15:12:33","modified_gmt":"2026-04-04T13:12:33","slug":"switzerland","status":"publish","type":"page","link":"https:\/\/aa-pnh.org\/vi\/specialised-centres-aa-pnh\/switzerland\/","title":{"rendered":"Chuy\u00ean gia AA\/PNH \u1edf Th\u1ee5y S\u0129 (specialists Switzerland)"},"content":{"rendered":"<h1><span style=\"color: #00a884\">C\u00e1c b\u00e1c s\u0129 \u1edf Th\u1ee5y S\u0129<\/span><\/h1>\n<p>&nbsp;<br \/>\nD\u01b0\u1edbi \u0111\u00e2y l\u00e0 danh s\u00e1ch c\u00e1c b\u00e1c s\u0129 chuy\u00ean v\u1ec1 AA v\u00e0 PNH \u1edf Th\u1ee5y S\u0129. Danh s\u00e1ch \u0111\u01b0\u1ee3c s\u1eafp x\u1ebfp theo th\u1ee9 t\u1ef1 alphabet theo \u0111\u1ecba \u0111i\u1ec3m.<br \/>\n<!-- N\u1ed9i dung --><\/p>\n<h4><a href=\"#basel\">Basel<\/a><\/span><\/h4>\n<h4><a href=\"#zuerich\">Zurich<\/a><\/span><\/h4>\n<p>&nbsp;<br \/>\n&nbsp;<\/p>\n<h3><a name=\"basel\"><\/a><span style=\"color: #00a884\">B\u1ec7nh vi\u1ec7n \u0110\u1ea1i h\u1ecdc Basel (USB)<\/span><\/h3>\n<p><a href=\"https:\/\/www.unispital-basel.ch\/haematologie\" rel=\"noopener\" target=\"_blank\">Trung t\u00e2m C\u1ea5y gh\u00e9p T\u1ebf b\u00e0o G\u1ed1c\/Khoa Huy\u1ebft h\u1ecdc<\/a><br \/>\nPetersgraben 4<br \/>\nCH &#8211; 4031 Basel<\/p>\n<p><strong>Gi\u00e1o s\u01b0 Ti\u1ebfn s\u0129 Y khoa Jakob Passweg<\/strong><br \/>\n\u0110i\u1ec7n tho\u1ea1i: +41 61 265 4254<br \/>\nE-mail: <a href=\"mailto:Jakob.Passweg@usb.ch\">Jakob.Passweg(at)usb.ch<\/a><\/p>\n<p><strong>Ti\u1ebfn s\u0129 y khoa Beatrice Drexler<\/strong><br \/>\n\u0110i\u1ec7n tho\u1ea1i: +41 61 265 2525<br \/>\nE-mail: <a href=\"mailto:Beatrice.Drexler@usb.ch\">Beatrice.Drexler(at)usb.ch<\/a><br \/>\n&nbsp;<\/p>\n<h3><a style=\"color: #00a884\">B\u1ec7nh vi\u1ec7n Nhi \u0111\u1ed3ng \u0110\u1ea1i h\u1ecdc Basel (UKBB)<\/a><\/h3>\n<p><a href=\"https:\/\/www.ukbb.ch\/behandlung-betreuung\/medizinisches-angebot\/haematologie-onkologie\/\" rel=\"noopener\" target=\"_blank\">Ung th\u01b0\/Huy\u1ebft h\u1ecdc<\/a><br \/>\nSpitalstrasse 33<br \/>\nCH &#8211; 4056 Basel<\/p>\n<p><strong>Prof. Dr. med. Thomas K\u00fchne<\/strong><br \/>\n\u0110i\u1ec7n tho\u1ea1i: +41 61 704 1212<br \/>\nFax: +41 61 704 1213<br \/>\nE-mail: <a href=\"mailto:thomas.kuehne@ukbb.ch\"><span style=\"color: #1115ff\">thomas.kuehne(at)ukbb.ch<\/span><\/a><\/p>\n<p><strong>Prof. Dr. med. Nicolas von der Weid<\/strong><br \/>\n\u0110i\u1ec7n tho\u1ea1i: +41 61 704 1212<br \/>\nFax: +41 61 704 1213<br \/>\nE-mail: <a href=\"mailto:nicolas.vonderweid@ukbb.ch\"><span style=\"color: #1115ff\">nicolas.vonderweid(at)ukbb.ch<\/span><\/a><\/p>\n<p>&nbsp;<\/p>\n<h3><a name=\"zuerich\"><\/a><span style=\"color: #00a884\">B\u1ec7nh vi\u1ec7n \u0110\u1ea1i h\u1ecdc Zurich (USZ)<\/span><\/h3>\n<p><a href=\"https:\/\/www.usz.ch\/fachbereich\/medizinische-onkologie-und-haematologie\/\" rel=\"noopener\" target=\"_blank\">Khoa Ung th\u01b0 v\u00e0 Huy\u1ebft h\u1ecdc<\/a><br \/>\nR\u00e4mistrasse 100<br \/>\nCH &#8211; 8091 Zurich<\/p>\n<p><strong>Prof. Dr. med. Dr. rer. nat. Stefan Balabanov<\/strong><br \/>\n\u0110i\u1ec7n tho\u1ea1i: +41 44 255 3782<br \/>\nFax: +41 44 255 4568<br \/>\nE-mail: <a href=\"mailto:stefan.balabanov@usz.ch\"><span style=\"color: #1115ff\">stefan.balabanov(at)usz.ch<\/span><\/a><\/p>\n<p><strong>Ti\u1ebfn s\u0129 y khoa Marina Bissig<\/strong><br \/>\n\u0110i\u1ec7n tho\u1ea1i: +41 44 255 8139<br \/>\nFax: +41 44 255 4568<br \/>\nE-mail: <a href=\"mailto:marina.bissig@usz.ch\"><span style=\"color: #1115ff\">marina.bissig(at)usz.ch<\/span><\/a><br \/>\n&nbsp;<\/p>\n<h3><a style=\"color: #00a884\">B\u1ec7nh vi\u1ec7n Nhi \u0111\u1ed3ng \u0110\u1ea1i h\u1ecdc Zurich (UZH)<\/a><\/h5>\n<p><a href=\"https:\/\/www.kispi.uzh.ch\/de\/patienten-und-angehoerige\/fachbereiche\/haemtologie\/Seiten\/default.aspx\" rel=\"noopener\" target=\"_blank\">Huy\u1ebft h\u1ecdc\/Ung th\u01b0 h\u1ecdc nhi khoa FMH, FAMH<\/a><br \/>\nSteinwiesstrasse 75<br \/>\nCH &#8211; 8032 Zurich<\/p>\n<p><strong>Prof. Dr. med. Markus Schmugge Liner<\/strong><br \/>\n\u0110i\u1ec7n tho\u1ea1i: +41 44 266 73 07<br \/>\nFax: +41 44 266 71 71<br \/>\nE-mail: <a href=\"mailto:markus.schmugge@kispi.uzh.ch\"><span style=\"color: #1115ff\">markus.schmugge(at)kispi.uzh.ch<\/span><\/a><\/p>\n<p>&nbsp;<\/p>\n","protected":false},"excerpt":{"rendered":"<p>C\u00e1c b\u00e1c s\u0129 \u1edf Th\u1ee5y S\u0129 &nbsp; D\u01b0\u1edbi \u0111\u00e2y l\u00e0 danh s\u00e1ch c\u00e1c b\u00e1c s\u0129 chuy\u00ean v\u1ec1 AA v\u00e0 PNH \u1edf Th\u1ee5y S\u0129. Danh s\u00e1ch \u0111\u01b0\u1ee3c s\u1eafp x\u1ebfp theo th\u1ee9 t\u1ef1 alphabet theo \u0111\u1ecba \u0111i\u1ec3m. Basel Zurich &nbsp; &nbsp; B\u1ec7nh vi\u1ec7n \u0110\u1ea1i h\u1ecdc Basel (USB)&#8230;<\/p>\n","protected":false},"author":12,"featured_media":0,"parent":8918,"menu_order":99,"comment_status":"closed","ping_status":"closed","template":"","meta":{"footnotes":""},"class_list":["post-8935","page","type-page","status-publish","hentry"],"_links":{"self":[{"href":"https:\/\/aa-pnh.org\/vi\/wp-json\/wp\/v2\/pages\/8935","targetHints":{"allow":["GET"]}}],"collection":[{"href":"https:\/\/aa-pnh.org\/vi\/wp-json\/wp\/v2\/pages"}],"about":[{"href":"https:\/\/aa-pnh.org\/vi\/wp-json\/wp\/v2\/types\/page"}],"author":[{"embeddable":true,"href":"https:\/\/aa-pnh.org\/vi\/wp-json\/wp\/v2\/users\/12"}],"replies":[{"embeddable":true,"href":"https:\/\/aa-pnh.org\/vi\/wp-json\/wp\/v2\/comments?post=8935"}],"version-history":[{"count":5,"href":"https:\/\/aa-pnh.org\/vi\/wp-json\/wp\/v2\/pages\/8935\/revisions"}],"predecessor-version":[{"id":9152,"href":"https:\/\/aa-pnh.org\/vi\/wp-json\/wp\/v2\/pages\/8935\/revisions\/9152"}],"up":[{"embeddable":true,"href":"https:\/\/aa-pnh.org\/vi\/wp-json\/wp\/v2\/pages\/8918"}],"wp:attachment":[{"href":"https:\/\/aa-pnh.org\/vi\/wp-json\/wp\/v2\/media?parent=8935"}],"curies":[{"name":"wp","href":"https:\/\/api.w.org\/{rel}","templated":true}]}}