{"id":8967,"date":"2017-04-10T12:25:14","date_gmt":"2017-04-10T10:25:14","guid":{"rendered":"https:\/\/aa-pnh.org\/?page_id=8967"},"modified":"2026-04-04T13:49:06","modified_gmt":"2026-04-04T11:49:06","slug":"diseases","status":"publish","type":"page","link":"https:\/\/aa-pnh.org\/vi\/diseases\/","title":{"rendered":"B\u1ec7nh t\u1eadt (Diseases)"},"content":{"rendered":"<h1>B\u1ec7nh t\u1eadt<\/h1>\n<p><span style=\"color: #000080\"><a style=\"color: #000080\" href=\"https:\/\/aa-pnh.org\/erkrankungen\/funktion-knochenmark\/\" rel=\"noopener\">Ch\u1ee9c n\u0103ng c\u1ee7a t\u1ee7y x\u01b0\u01a1ng<\/a><\/span><\/p>\n<p><span style=\"color: #000080\"><a style=\"color: #000080\" href=\"https:\/\/aa-pnh.org\/vi\/diseases\/aplastische-anaemie\/\" rel=\"noopener\">Thi\u1ebfu m\u00e1u b\u1ea5t s\u1ea3n<\/a><\/span><\/p>\n<p><span style=\"color: #000080\"><a style=\"color: #000080\" href=\"https:\/\/aa-pnh.org\/erkrankungen\/pnh\/\" rel=\"noopener\">PNH<\/a><\/span><\/p>\n<p><span style=\"color: #000080\"><a style=\"color: #000080\" href=\"https:\/\/aa-pnh.org\/download\/aa-pnh-informationsbroschuere-fuer-patienten-und-angehoerige\/\" rel=\"noopener\">T\u00e0i li\u1ec7u th\u00f4ng tin<\/a><\/span><\/p>\n<p><span style=\"color: #000080\"><a style=\"color: #000080\" href=\"https:\/\/aa-pnh.org\/vi\/?page_id=9023\" rel=\"noopener\">Nghi\u00ean c\u1ee9u l\u00e2m s\u00e0ng<\/a><\/span><\/p>\n<p><span style=\"color: #000080\"><a style=\"color: #000080\" href=\"https:\/\/aa-pnh.org\/vi\/?page_id=9027\">G\u00e2y m\u00ea trong c\u00e1c b\u1ec7nh hi\u1ebfm g\u1eb7p<\/a><\/span><\/p>\n<p><span style=\"color: #000080\"><a style=\"color: #000080\" href=\"https:\/\/aa-pnh.org\/erkrankungen\/erfahrungsberichte\/\" rel=\"noopener\">B\u00e1o c\u00e1o kinh nghi\u1ec7m<\/a><\/span><\/p>\n<p><span style=\"color: #000080\"><a style=\"color: #000080\" href=\"https:\/\/aa-pnh.org\/erkrankungen\/lichterzellen\/\" rel=\"noopener\">Di\u1ec5n \u0111\u00e0n c\u1ee7a <em>lichter<\/em>zellen<\/a><\/span><\/p>\n","protected":false},"excerpt":{"rendered":"<p>B\u1ec7nh t\u1eadt Ch\u1ee9c n\u0103ng c\u1ee7a t\u1ee7y x\u01b0\u01a1ng Thi\u1ebfu m\u00e1u b\u1ea5t s\u1ea3n PNH T\u00e0i li\u1ec7u th\u00f4ng tin Nghi\u00ean c\u1ee9u l\u00e2m s\u00e0ng G\u00e2y m\u00ea trong c\u00e1c b\u1ec7nh hi\u1ebfm g\u1eb7p B\u00e1o c\u00e1o kinh nghi\u1ec7m Di\u1ec5n \u0111\u00e0n c\u1ee7a lichterzellen<\/p>\n","protected":false},"author":12,"featured_media":0,"parent":0,"menu_order":86,"comment_status":"closed","ping_status":"closed","template":"","meta":{"footnotes":""},"class_list":["post-8967","page","type-page","status-publish","hentry"],"_links":{"self":[{"href":"https:\/\/aa-pnh.org\/vi\/wp-json\/wp\/v2\/pages\/8967","targetHints":{"allow":["GET"]}}],"collection":[{"href":"https:\/\/aa-pnh.org\/vi\/wp-json\/wp\/v2\/pages"}],"about":[{"href":"https:\/\/aa-pnh.org\/vi\/wp-json\/wp\/v2\/types\/page"}],"author":[{"embeddable":true,"href":"https:\/\/aa-pnh.org\/vi\/wp-json\/wp\/v2\/users\/12"}],"replies":[{"embeddable":true,"href":"https:\/\/aa-pnh.org\/vi\/wp-json\/wp\/v2\/comments?post=8967"}],"version-history":[{"count":2,"href":"https:\/\/aa-pnh.org\/vi\/wp-json\/wp\/v2\/pages\/8967\/revisions"}],"predecessor-version":[{"id":9135,"href":"https:\/\/aa-pnh.org\/vi\/wp-json\/wp\/v2\/pages\/8967\/revisions\/9135"}],"wp:attachment":[{"href":"https:\/\/aa-pnh.org\/vi\/wp-json\/wp\/v2\/media?parent=8967"}],"curies":[{"name":"wp","href":"https:\/\/api.w.org\/{rel}","templated":true}]}}