{"id":9023,"date":"2018-11-14T23:53:02","date_gmt":"2018-11-14T22:53:02","guid":{"rendered":"https:\/\/aa-pnh.org\/?page_id=9023"},"modified":"2026-04-04T13:50:49","modified_gmt":"2026-04-04T11:50:49","slug":"clinical-trials","status":"publish","type":"page","link":"https:\/\/aa-pnh.org\/vi\/diseases\/clinical-trials\/","title":{"rendered":"Nghi\u00ean c\u1ee9u l\u00e2m s\u00e0ng (Clinical Trials)"},"content":{"rendered":"<h1><span style=\"color: #006784\">C\u00e1c th\u1eed nghi\u1ec7m l\u00e2m s\u00e0ng (ti\u1ebfng Anh: clinical trials)<\/span><\/h1>\n<p><!-- N\u1ed9i dung --><\/p>\n<h4><a href=\"#allgemeines\">1 T\u1ed5ng quan<\/a><\/h4>\n<h4><a href=\"#vierphasen\">2 B\u1ed1n giai \u0111o\u1ea1n c\u1ee7a m\u1ed9t nghi\u00ean c\u1ee9u<\/a><\/h4>\n<h4><a href=\"#erlaeuterung\">3 Gi\u1ea3i th\u00edch c\u00e1c thu\u1eadt ng\u1eef chuy\u00ean m\u00f4n quan tr\u1ecdng<\/a><\/h4>\n<h4><a href=\"#uebersicht\">4 T\u1ed5ng quan v\u1ec1 c\u00e1c nghi\u00ean c\u1ee9u \u0111ang ti\u1ebfn h\u00e0nh theo b\u1ec7nh l\u00fd<\/a><\/h4>\n<p>&nbsp;<\/p>\n<h2><a name=\"allgemeines\"><\/a><span style=\"color: #006784\">1 Th\u00f4ng tin chung<\/span><\/h2>\n<p>Ng\u00e0y c\u00e0ng c\u00f3 nhi\u1ec1u lo\u1ea1i thu\u1ed1c m\u1edbi \u0111\u01b0\u1ee3c ph\u00e1t tri\u1ec3n \u0111\u1ec3 \u0111i\u1ec1u tr\u1ecb AA v\u00e0 PNH, hi\u1ec7n \u0111ang ho\u1eb7c s\u1ebd \u0111\u01b0\u1ee3c th\u1eed nghi\u1ec7m trong c\u00e1c nghi\u00ean c\u1ee9u \u0111i\u1ec1u tr\u1ecb. C\u00f3 th\u1ec3 b\u1ea1n \u0111\u00e3 t\u1eebng c\u00e2n nh\u1eafc ho\u1eb7c \u0111\u01b0\u1ee3c m\u1eddi tham gia m\u1ed9t nghi\u00ean c\u1ee9u nh\u01b0 v\u1eady. \u0110\u1ec3 \u0111\u01b0a ra quy\u1ebft \u0111\u1ecbnh, \u0111i\u1ec1u quan tr\u1ecdng l\u00e0 b\u1ea1n ph\u1ea3i bi\u1ebft vi\u1ec7c tham gia s\u1ebd c\u00f3 \u00fd ngh\u0129a nh\u01b0 th\u1ebf n\u00e0o \u0111\u1ed1i v\u1edbi b\u1ea1n. B\u1ea1n c\u00f3 th\u1ec3 \u0111\u01b0\u1ee3c h\u01b0\u1edfng nh\u1eefng l\u1ee3i \u00edch v\u00e0 b\u1ea5t l\u1ee3i n\u00e0o? B\u1ea1n s\u1ebd ph\u1ea3i ch\u1ecbu nh\u1eefng r\u1ee7i ro n\u00e0o? Trong m\u1ecdi tr\u01b0\u1eddng h\u1ee3p, b\u1ea1n n\u00ean c\u00e2n nh\u1eafc k\u1ef9 l\u01b0\u1ee1ng tr\u01b0\u1edbc khi \u0111\u01b0a ra quy\u1ebft \u0111\u1ecbnh.<\/p>\n<p>D\u01b0\u1edbi \u0111\u00e2y l\u00e0 nh\u1eefng gi\u1ea3i th\u00edch ng\u1eafn g\u1ecdn v\u1ec1 m\u1ed9t s\u1ed1 thu\u1eadt ng\u1eef th\u01b0\u1eddng \u0111\u01b0\u1ee3c s\u1eed d\u1ee5ng trong c\u00e1c nghi\u00ean c\u1ee9u l\u00e2m s\u00e0ng. Th\u00f4ng tin chi ti\u1ebft c\u00f3 th\u1ec3 t\u00ecm th\u1ea5y trong t\u00e0i li\u1ec7u <a href=\"https:\/\/www.leukaemie-hilfe.de\/fileadmin\/user_upload\/dlh-broschueren\/WEB_Therapiestudien_Haemato_260614.pdf\" target=\"_blank\" rel=\"noopener noreferrer\">C\u00e1c nghi\u00ean c\u1ee9u \u0111i\u1ec1u tr\u1ecb trong l\u0129nh v\u1ef1c huy\u1ebft h\u1ecdc-ung th\u01b0<\/a>. T\u1eadp t\u00e0i li\u1ec7u n\u00e0y ch\u1ee7 y\u1ebfu d\u00e0nh cho b\u1ec7nh nh\u00e2n ung th\u01b0 m\u00e1u v\u00e0 ung th\u01b0 h\u1ea1ch, nh\u01b0ng c\u00e1c m\u00f4 t\u1ea3 trong \u0111\u00f3 \u00e1p d\u1ee5ng cho t\u1ea5t c\u1ea3 c\u00e1c nghi\u00ean c\u1ee9u \u0111i\u1ec1u tr\u1ecb.<\/p>\n<p>&nbsp;<\/p>\n<h2><a name=\"vierphasen\"><\/a><span style=\"color: #006784\">2 B\u1ed1n giai \u0111o\u1ea1n c\u1ee7a m\u1ed9t nghi\u00ean c\u1ee9u<\/span><\/h2>\n<p>Trong <strong>giai \u0111o\u1ea1n I<\/strong> c\u1ee7a m\u1ed9t nghi\u00ean c\u1ee9u, t\u00ednh dung n\u1ea1p v\u00e0 an to\u00e0n c\u1ee7a thu\u1ed1c nghi\u00ean c\u1ee9u \u0111\u01b0\u1ee3c ki\u1ec3m tra. \u0110i\u1ec1u n\u00e0y bao g\u1ed3m t\u00e1c d\u1ee5ng c\u1ee7a thu\u1ed1c, s\u1ef1 h\u1ea5p thu, ph\u00e2n ph\u1ed1i v\u00e0 ph\u00e2n h\u1ee7y trong c\u01a1 th\u1ec3, c\u0169ng nh\u01b0 x\u00e1c \u0111\u1ecbnh li\u1ec1u l\u01b0\u1ee3ng th\u00edch h\u1ee3p. Ch\u1ec9 c\u00f3 m\u1ed9t nh\u00f3m nh\u1ecf \u0111\u1ed1i t\u01b0\u1ee3ng tham gia v\u00e0o giai \u0111o\u1ea1n n\u00e0y.<\/p>\n<p>D\u1ef1a tr\u00ean k\u1ebft qu\u1ea3 thu \u0111\u01b0\u1ee3c t\u1eeb giai \u0111o\u1ea1n I, thu\u1ed1c s\u1ebd \u0111\u01b0\u1ee3c s\u1eed d\u1ee5ng cho m\u1ed9t s\u1ed1 l\u01b0\u1ee3ng l\u1edbn \u0111\u1ed1i t\u01b0\u1ee3ng h\u01a1n trong <strong>giai \u0111o\u1ea1n II<\/strong>. M\u1ee5c \u0111\u00edch l\u00e0 \u0111\u1ec3 x\u00e1c nh\u1eadn li\u1ec1u l\u01b0\u1ee3ng ch\u00ednh x\u00e1c \u0111\u00e3 \u0111\u01b0\u1ee3c x\u00e1c \u0111\u1ecbnh trong giai \u0111o\u1ea1n I v\u00e0 ghi ch\u00e9p ch\u00ednh x\u00e1c c\u00e1c t\u00e1c d\u1ee5ng ph\u1ee5.<\/p>\n<p>Trong <strong>giai \u0111o\u1ea1n III<\/strong>, hi\u1ec7u qu\u1ea3 v\u00e0 t\u00ednh an to\u00e0n c\u1ee7a thu\u1ed1c ph\u1ea3i \u0111\u01b0\u1ee3c ch\u1ee9ng minh. Ch\u1ec9 khi c\u00f3 b\u1eb1ng ch\u1ee9ng n\u00e0y, thu\u1ed1c m\u1edbi \u0111\u01b0\u1ee3c c\u1ea5p ph\u00e9p. Ph\u1ea7n n\u00e0y c\u1ee7a nghi\u00ean c\u1ee9u th\u01b0\u1eddng \u0111\u01b0\u1ee3c th\u1ef1c hi\u1ec7n t\u1ea1i nhi\u1ec1u trung t\u00e2m.<\/p>\n<p><strong>Giai \u0111o\u1ea1n IV<\/strong> b\u1eaft \u0111\u1ea7u sau khi thu\u1ed1c \u0111\u01b0\u1ee3c c\u1ea5p ph\u00e9p. Trong giai \u0111o\u1ea1n n\u00e0y, t\u00ednh t\u01b0\u01a1ng th\u00edch l\u00e2u d\u00e0i v\u00e0 c\u00e1c t\u00e1c d\u1ee5ng ph\u1ee5 s\u1ebd \u0111\u01b0\u1ee3c nghi\u00ean c\u1ee9u, nh\u1eefng t\u00e1c d\u1ee5ng ph\u1ee5 n\u00e0y kh\u00f4ng \u0111\u01b0\u1ee3c quan s\u00e1t th\u1ea5y trong c\u00e1c giai \u0111o\u1ea1n tr\u01b0\u1edbc do c\u00f3 th\u1ec3 hi\u1ebfm khi x\u1ea3y ra. V\u00ec t\u1ea5t c\u1ea3 c\u00e1c b\u1ec7nh nh\u00e2n d\u00f9ng thu\u1ed1c \u0111\u1ec1u tham gia v\u00e0o giai \u0111o\u1ea1n IV, n\u00ean s\u1ed1 l\u01b0\u1ee3ng b\u1ec7nh nh\u00e2n \u0111\u01b0\u1ee3c xem x\u00e9t l\u00e0 t\u01b0\u01a1ng \u0111\u1ed1i l\u1edbn.<\/p>\n<p>&nbsp;<\/p>\n<h2><a name=\"erlaeuterung\"><\/a><span style=\"color: #006784\">3 Gi\u1ea3i th\u00edch c\u00e1c thu\u1eadt ng\u1eef chuy\u00ean m\u00f4n quan tr\u1ecdng<\/span><\/h2>\n<p><strong>C\u00e1c nghi\u00ean c\u1ee9u tr\u1ecb li\u1ec7u (ti\u1ebfng Anh: therapeutic studies)<\/strong> \u0111\u01b0\u1ee3c s\u1eed d\u1ee5ng \u0111\u1ec3 th\u1eed nghi\u1ec7m m\u1ed9t ph\u01b0\u01a1ng ph\u00e1p \u0111i\u1ec1u tr\u1ecb ho\u1eb7c thu\u1ed1c m\u1edbi. Th\u00f4ng th\u01b0\u1eddng, m\u1ed9t lo\u1ea1i thu\u1ed1c m\u1edbi \u0111\u01b0\u1ee3c ph\u00e1t tri\u1ec3n s\u1ebd \u0111\u01b0\u1ee3c so s\u00e1nh v\u1edbi li\u1ec7u ph\u00e1p ti\u00eau chu\u1ea9n ho\u1eb7c m\u1ed9t lo\u1ea1i thu\u1ed1c gi\u1ea3 (kh\u00f4ng c\u00f3 t\u00e1c d\u1ee5ng, gi\u1ea3 d\u01b0\u1ee3c).<\/p>\n<p><strong>Nh\u00e0 t\u00e0i tr\u1ee3 (ti\u1ebfng Anh: sponsor)<\/strong> c\u1ee7a m\u1ed9t nghi\u00ean c\u1ee9u l\u00e2m s\u00e0ng l\u00e0 m\u1ed9t c\u00f4ng ty d\u01b0\u1ee3c ph\u1ea9m ho\u1eb7c nghi\u00ean c\u1ee9u \u0111\u01b0\u1ee3c l\u00ean k\u1ebf ho\u1ea1ch b\u1edfi c\u00e1c b\u00e1c s\u0129, nh\u00e0 nghi\u00ean c\u1ee9u ho\u1eb7c nh\u00f3m nghi\u00ean c\u1ee9u t\u1ea1i c\u00e1c tr\u01b0\u1eddng \u0111\u1ea1i h\u1ecdc, khi \u0111\u00f3 ng\u01b0\u1eddi ta g\u1ecdi l\u00e0 nghi\u00ean c\u1ee9u h\u1ecdc thu\u1eadt (Investor-Initiated Trial, IIT).<\/p>\n<p><strong>C\u00e1c ti\u00eau ch\u00ed bao g\u1ed3m\/lo\u1ea1i tr\u1eeb (ti\u1ebfng Anh: inclusion\/exclusion criteria)<\/strong> quy \u0111\u1ecbnh ai \u0111\u01b0\u1ee3c tham gia v\u00e0o giai \u0111o\u1ea1n n\u00e0o c\u1ee7a nghi\u00ean c\u1ee9u, bao g\u1ed3m v\u00ed d\u1ee5 nh\u01b0 tu\u1ed5i, gi\u1edbi t\u00ednh v\u00e0 t\u00ecnh tr\u1ea1ng s\u1ee9c kh\u1ecfe c\u1ee7a m\u1ed9t ng\u01b0\u1eddi.<\/p>\n<p>Tr\u01b0\u1edbc khi m\u1ed9t nghi\u00ean c\u1ee9u \u0111\u01b0\u1ee3c ch\u1ea5p thu\u1eadn, n\u00f3 ph\u1ea3i \u0111\u01b0\u1ee3c <strong>\u1ee7y ban \u0111\u1ea1o \u0111\u1ee9c (ti\u1ebfng Anh: ethics committee)<\/strong> ph\u00ea duy\u1ec7t. \u1ee6y ban n\u00e0y s\u1ebd ki\u1ec3m tra nghi\u00ean c\u1ee9u v\u1ec1 gi\u00e1 tr\u1ecb y t\u1ebf, khoa h\u1ecdc v\u00e0 \u0111\u1ea1o \u0111\u1ee9c, vi\u1ec7c tu\u00e2n th\u1ee7 c\u00e1c quy \u0111\u1ecbnh ph\u00e1p l\u00fd c\u0169ng nh\u01b0 tr\u00ecnh \u0111\u1ed9 c\u1ee7a c\u00e1c c\u00e1 nh\u00e2n v\u00e0 t\u1ed5 ch\u1ee9c th\u1ef1c hi\u1ec7n nghi\u00ean c\u1ee9u.<\/p>\n<p>B\u1ea3o hi\u1ec3m cho \u0111\u1ed1i t\u01b0\u1ee3ng nghi\u00ean c\u1ee9u (Probandenversicherung) d\u00f9ng \u0111\u1ec3 b\u1ea3o v\u1ec7 trong tr\u01b0\u1eddng h\u1ee3p s\u1ee9c kh\u1ecfe b\u1ecb t\u1ed5n h\u1ea1i do \u0111i\u1ec1u tr\u1ecb trong nghi\u00ean c\u1ee9u. B\u1ea3o hi\u1ec3m n\u00e0y chi tr\u1ea3 cho c\u00e1c chi ph\u00ed ph\u1ee5c h\u1ed3i ch\u1ee9c n\u0103ng v\u00e0 c\u00e1c bi\u1ec7n ph\u00e1p c\u1ea3i t\u1ea1o nh\u00e0 \u1edf c\u1ea7n thi\u1ebft, c\u0169ng nh\u01b0 c\u00e1c t\u1ed5n th\u1ea5t t\u00e0i ch\u00ednh, v\u00ed d\u1ee5 nh\u01b0 trong tr\u01b0\u1eddng h\u1ee3p gi\u1ea3m kh\u1ea3 n\u0103ng lao \u0111\u1ed9ng.<\/p>\n<p>&nbsp;<\/p>\n<p>C\u00e1c nghi\u00ean c\u1ee9u \u0111\u01b0\u1ee3c ph\u00e2n lo\u1ea1i theo <strong>c\u00e1c ti\u00eau ch\u00ed kh\u00e1c nhau<\/strong>, trong \u0111\u00f3 m\u1ed9t ho\u1eb7c nhi\u1ec1u ti\u00eau ch\u00ed c\u00f3 th\u1ec3 \u00e1p d\u1ee5ng cho m\u1ed9t nghi\u00ean c\u1ee9u:<\/p>\n<p><strong>ki\u1ec3m so\u00e1t (ti\u1ebfng Anh: controlled)<\/strong> K\u1ebft qu\u1ea3 c\u1ee7a nh\u00f3m th\u1eed nghi\u1ec7m, nh\u1eefng ng\u01b0\u1eddi nh\u1eadn thu\u1ed1c c\u1ea7n th\u1eed nghi\u1ec7m, \u0111\u01b0\u1ee3c so s\u00e1nh v\u1edbi k\u1ebft qu\u1ea3 c\u1ee7a nh\u00f3m \u0111\u1ed1i ch\u1ee9ng, nh\u1eefng ng\u01b0\u1eddi nh\u1eadn li\u1ec7u ph\u00e1p ti\u00eau chu\u1ea9n, v\u00ed d\u1ee5.<\/p>\n<p><strong>ng\u1eabu nhi\u00ean (ti\u1ebfng Anh: randomized)<\/strong><br \/>\nC\u00e1c tham gia vi\u00ean \u0111\u01b0\u1ee3c ph\u00e2n b\u1ed5 ng\u1eabu nhi\u00ean v\u00e0o m\u1ed9t trong c\u00e1c nh\u00f3m (c\u00e1nh tay).<\/p>\n<p><strong>(\u0111\u01a1n) m\u00f9 (ti\u1ebfng Anh: (single) blind)<\/strong><br \/>\nNg\u01b0\u1eddi tham gia kh\u00f4ng bi\u1ebft m\u00ecnh c\u00f3 \u0111\u01b0\u1ee3c d\u00f9ng thu\u1ed1c nghi\u00ean c\u1ee9u hay kh\u00f4ng.<\/p>\n<p><strong>\u0111\u00f4i m\u00f9 (ti\u1ebfng Anh: double-blind)<\/strong><br \/>\nC\u1ea3 b\u00e1c s\u0129 v\u00e0 ng\u01b0\u1eddi tham gia \u0111\u1ec1u kh\u00f4ng bi\u1ebft ng\u01b0\u1eddi tham gia c\u00f3 \u0111\u01b0\u1ee3c d\u00f9ng thu\u1ed1c nghi\u00ean c\u1ee9u hay thu\u1ed1c so s\u00e1nh.<\/p>\n<p>&nbsp;<\/p>\n<h2><a name=\"uebersicht\"><\/a><span style=\"color: #006784\">4 T\u1ed5ng quan v\u1ec1 c\u00e1c nghi\u00ean c\u1ee9u \u0111ang ti\u1ebfn h\u00e0nh theo b\u1ec7nh l\u00fd<\/span><\/h2>\n<p><b>AA<\/b><\/p>\n<p>* <span style=\"color: #006784\">Ho\u00e0n th\u00e0nh tuy\u1ec3n d\u1ee5ng<\/span> &#8211; kh\u00f4ng th\u1ec3 ti\u1ebfp nh\u1eadn th\u00eam b\u1ec7nh nh\u00e2n v\u00e0o nghi\u00ean c\u1ee9u *<\/p>\n<p><strong>EMAA<\/strong> (Hi\u1ec7u qu\u1ea3 v\u00e0 \u0111\u1ed9 an to\u00e0n c\u1ee7a <strong>E<\/strong>ltrombopag + CSA \u1edf b\u1ec7nh nh\u00e2n b\u1ecb <strong>M<\/strong>oderate <strong>A<\/strong>plastic <strong>A<\/strong>nemia) cho <strong>b\u1ec7nh nh\u00e2n ch\u01b0a \u0111\u01b0\u1ee3c \u0111i\u1ec1u tr\u1ecb c\u1ee5 th\u1ec3 b\u1ecb thi\u1ebfu m\u00e1u b\u1ea5t s\u1ea3n trung b\u00ecnh (MAA)<\/strong> c\u1ea7n \u0111\u01b0\u1ee3c \u0111i\u1ec1u tr\u1ecb b\u1eb1ng Ciclosporin<\/p>\n<ul>\n<li>Giai \u0111o\u1ea1n 3<\/li>\n<li>So s\u00e1nh Eltrombopag + Ciclosporin v\u1edbi Placebo + Ciclosporin<\/li>\n<li>\u0110\u1ecba \u0111i\u1ec3m nghi\u00ean c\u1ee9u: Aachen, Basel, Berlin, Chemnitz, Essen, Hamburg, Hannover, Ulm<\/li>\n<li><a href=\"https:\/\/aa-pnh.org\/emaa-studie\/\">Chi ti\u1ebft<\/a><\/li>\n<\/ul>\n<p>&nbsp;<\/p>\n<p><b>PNH<\/b><\/p>\n<p><a href=\"https:\/\/aa-pnh.org\/wp-content\/uploads\/List-of-PNH-trials-202501.pdf\" target=\"_blank\" rel=\"noopener\">Danh s\u00e1ch c\u00e1c nghi\u00ean c\u1ee9u l\u00e2m s\u00e0ng<\/a> T\u00ednh \u0111\u1ebfn th\u00e1ng 1 n\u0103m 2025 (b\u1eb1ng ti\u1ebfng Anh); ch\u00fang t\u00f4i l\u1eadp b\u1ea3ng n\u00e0y v\u1edbi s\u1ef1 h\u1ee3p t\u00e1c c\u1ee7a <a href=\"https:\/\/lichterzellen.de\" target=\"_blank\" rel=\"noopener\">Qu\u1ef9 <em>lichter<\/em>zellen<\/a>.<\/p>\n<p><a href=\"https:\/\/pnhglobalalliance.org\/research\/clinical-trials\/\" target=\"_blank\" rel=\"noopener\">Ch\u1ee9c n\u0103ng t\u00ecm ki\u1ebfm<\/a> (ti\u1ebfng Anh) cho c\u00e1c nghi\u00ean c\u1ee9u l\u00e2m s\u00e0ng v\u1ec1 PNH tr\u00ean trang web c\u1ee7a <a href=\"https:\/\/pnhga.org\/\" target=\"_blank\" rel=\"noopener\">PNH Global Alliance<\/a><\/p>\n<p><a href=\"https:\/\/aa-pnh.org\/ipig-pnh-register\/\">\u0110\u0103ng k\u00fd IPIG-PNH qu\u1ed1c t\u1ebf<\/a><\/p>\n<p>&nbsp;<\/p>\n","protected":false},"excerpt":{"rendered":"<p>C\u00e1c th\u1eed nghi\u1ec7m l\u00e2m s\u00e0ng (ti\u1ebfng Anh: clinical trials) 1 T\u1ed5ng quan 2 B\u1ed1n giai \u0111o\u1ea1n c\u1ee7a m\u1ed9t nghi\u00ean c\u1ee9u 3 Gi\u1ea3i th\u00edch c\u00e1c thu\u1eadt ng\u1eef chuy\u00ean m\u00f4n quan tr\u1ecdng 4 T\u1ed5ng quan v\u1ec1 c\u00e1c nghi\u00ean c\u1ee9u \u0111ang ti\u1ebfn h\u00e0nh theo b\u1ec7nh l\u00fd &nbsp; 1&#8230;<\/p>\n","protected":false},"author":12,"featured_media":0,"parent":8967,"menu_order":55,"comment_status":"closed","ping_status":"closed","template":"","meta":{"footnotes":""},"class_list":["post-9023","page","type-page","status-publish","hentry"],"_links":{"self":[{"href":"https:\/\/aa-pnh.org\/vi\/wp-json\/wp\/v2\/pages\/9023","targetHints":{"allow":["GET"]}}],"collection":[{"href":"https:\/\/aa-pnh.org\/vi\/wp-json\/wp\/v2\/pages"}],"about":[{"href":"https:\/\/aa-pnh.org\/vi\/wp-json\/wp\/v2\/types\/page"}],"author":[{"embeddable":true,"href":"https:\/\/aa-pnh.org\/vi\/wp-json\/wp\/v2\/users\/12"}],"replies":[{"embeddable":true,"href":"https:\/\/aa-pnh.org\/vi\/wp-json\/wp\/v2\/comments?post=9023"}],"version-history":[{"count":2,"href":"https:\/\/aa-pnh.org\/vi\/wp-json\/wp\/v2\/pages\/9023\/revisions"}],"predecessor-version":[{"id":9138,"href":"https:\/\/aa-pnh.org\/vi\/wp-json\/wp\/v2\/pages\/9023\/revisions\/9138"}],"up":[{"embeddable":true,"href":"https:\/\/aa-pnh.org\/vi\/wp-json\/wp\/v2\/pages\/8967"}],"wp:attachment":[{"href":"https:\/\/aa-pnh.org\/vi\/wp-json\/wp\/v2\/media?parent=9023"}],"curies":[{"name":"wp","href":"https:\/\/api.w.org\/{rel}","templated":true}]}}