{"id":9027,"date":"2019-12-26T18:33:40","date_gmt":"2019-12-26T17:33:40","guid":{"rendered":"https:\/\/aa-pnh.org\/?page_id=9027"},"modified":"2026-04-04T13:53:55","modified_gmt":"2026-04-04T11:53:55","slug":"anaesthesie","status":"publish","type":"page","link":"https:\/\/aa-pnh.org\/vi\/diseases\/anaesthesie\/","title":{"rendered":"G\u00e2y m\u00ea trong AA\/PNH (Anaesthetics in AA\/PNH)"},"content":{"rendered":"<h1>G\u00e2y m\u00ea trong c\u00e1c b\u1ec7nh hi\u1ebfm g\u1eb7p<\/h1>\n<p>&nbsp;<\/p>\n<p>D\u1ef1 \u00e1n <a href=\"https:\/\/www.orphananesthesia.eu\/de\/\" target=\"_blank\" rel=\"noopener noreferrer\">OrphanAnaesthesia<\/a> l\u00e0 s\u1ef1 h\u1ee3p t\u00e1c gi\u1eefa <a href=\"https:\/\/www.dgai.de\/\" target=\"_blank\" rel=\"noopener noreferrer\">Hi\u1ec7p h\u1ed9i g\u00e2y m\u00ea v\u00e0 ch\u0103m s\u00f3c \u0111\u1eb7c bi\u1ec7t \u0110\u1ee9c<\/a><a href=\"https:\/\/www.dgai.de\/\" target=\"_blank\" rel=\"noopener noreferrer\"> e.V. <\/a><a href=\"https:\/\/www.dgai.de\/\" target=\"_blank\" rel=\"noopener noreferrer\"> (DGAI)<\/a> h\u1ee3p t\u00e1c v\u1edbi <a href=\"https:\/\/www.orpha.net\" target=\"_blank\" rel=\"noopener noreferrer\">Orphanet<\/a> v\u00e0 c\u00e1c t\u1ed5 ch\u1ee9c ch\u00e2u \u00c2u kh\u00e1c \u0111\u1ec3 c\u00f4ng b\u1ed1 c\u00e1c khuy\u1ebfn ngh\u1ecb h\u00e0nh \u0111\u1ed9ng v\u1ec1 ch\u0103m s\u00f3c g\u00e2y m\u00ea cho c\u00e1c b\u1ec7nh hi\u1ebfm g\u1eb7p. M\u1ee5c \u0111\u00edch l\u00e0 \u0111\u1ec3 t\u0103ng c\u01b0\u1eddng an to\u00e0n cho b\u1ec7nh nh\u00e2n.<\/p>\n<p>\u0110\u1ed1i v\u1edbi <a href=\"https:\/\/www.orphananesthesia.eu\/de\/erkrankungen\/handlungsempfehlungen\/paroxysmale-n%C3%A4chtliche-h%C3%A4moglobinurie\/542-paroxysmal-nocturnal-haemoglobinuria-1\/file.html\" target=\"_blank\" rel=\"noopener noreferrer\"><strong>PNH<\/strong><\/a> \u0111\u00e3 c\u00f3 khuy\u1ebfn ngh\u1ecb h\u00e0nh \u0111\u1ed9ng b\u1eb1ng ti\u1ebfng Anh.<\/p>\n<p>Ngo\u00e0i ra, c\u00f2n c\u00f3 khuy\u1ebfn ngh\u1ecb h\u00e0nh \u0111\u1ed9ng cho <a href=\"https:\/\/www.orphananesthesia.eu\/de\/erkrankungen\/handlungsempfehlungen\/dyskeratosis-congenita-1\/909-dyskeratosis-congenita-1\/file.html\" target=\"_blank\" rel=\"noopener noreferrer\">Dyskeratosis congenita<\/a> (c\u0169ng b\u1eb1ng ti\u1ebfng Anh), b\u1ea1n c\u00f3 th\u1ec3 t\u00ecm th\u1ea5y danh s\u00e1ch t\u1ea5t c\u1ea3 c\u00e1c khuy\u1ebfn ngh\u1ecb h\u00e0nh \u0111\u1ed9ng <a href=\"https:\/\/www.orphananesthesia.eu\/de\/erkrankungen\/handlungsempfehlungen\" target=\"_blank\" rel=\"noopener noreferrer\">t\u1ea1i \u0111\u00e2y<\/a>.<\/p>\n<p>V\u1edbi <a href=\"https:\/\/www.orphananesthesia.eu\/en\/docman-en\/authors\/dear-author\/standardized-template\/897-patient-safety-card-deutsch-online\/file.html\" target=\"_blank\" rel=\"noopener noreferrer\">th\u1ebb b\u1ec7nh nh\u00e2n<\/a>, b\u1ec7nh nh\u00e2n m\u1eafc b\u1ec7nh hi\u1ebfm g\u1eb7p c\u00f3 th\u1ec3 cung c\u1ea5p th\u00f4ng tin v\u1ec1 c\u00e1c \u0111\u1eb7c \u0111i\u1ec3m c\u1ee7a b\u1ec7nh hi\u1ebfm g\u1eb7p trong qu\u00e1 tr\u00ecnh \u0111i\u1ec1u tr\u1ecb g\u00e2y m\u00ea (ph\u1eabu thu\u1eadt, \u0111i\u1ec1u tr\u1ecb \u0111au, v.v.) trong tr\u01b0\u1eddng h\u1ee3p kh\u1ea9n c\u1ea5p.<\/p>\n<p>&nbsp;<\/p>\n","protected":false},"excerpt":{"rendered":"<p>G\u00e2y m\u00ea trong c\u00e1c b\u1ec7nh hi\u1ebfm g\u1eb7p &nbsp; D\u1ef1 \u00e1n OrphanAnaesthesia l\u00e0 s\u1ef1 h\u1ee3p t\u00e1c gi\u1eefa Hi\u1ec7p h\u1ed9i g\u00e2y m\u00ea v\u00e0 ch\u0103m s\u00f3c \u0111\u1eb7c bi\u1ec7t \u0110\u1ee9c e.V. (DGAI) h\u1ee3p t\u00e1c v\u1edbi Orphanet v\u00e0 c\u00e1c t\u1ed5 ch\u1ee9c ch\u00e2u \u00c2u kh\u00e1c \u0111\u1ec3 c\u00f4ng b\u1ed1 c\u00e1c khuy\u1ebfn ngh\u1ecb&#8230;<\/p>\n","protected":false},"author":12,"featured_media":0,"parent":8967,"menu_order":101,"comment_status":"closed","ping_status":"closed","template":"","meta":{"footnotes":""},"class_list":["post-9027","page","type-page","status-publish","hentry"],"_links":{"self":[{"href":"https:\/\/aa-pnh.org\/vi\/wp-json\/wp\/v2\/pages\/9027","targetHints":{"allow":["GET"]}}],"collection":[{"href":"https:\/\/aa-pnh.org\/vi\/wp-json\/wp\/v2\/pages"}],"about":[{"href":"https:\/\/aa-pnh.org\/vi\/wp-json\/wp\/v2\/types\/page"}],"author":[{"embeddable":true,"href":"https:\/\/aa-pnh.org\/vi\/wp-json\/wp\/v2\/users\/12"}],"replies":[{"embeddable":true,"href":"https:\/\/aa-pnh.org\/vi\/wp-json\/wp\/v2\/comments?post=9027"}],"version-history":[{"count":2,"href":"https:\/\/aa-pnh.org\/vi\/wp-json\/wp\/v2\/pages\/9027\/revisions"}],"predecessor-version":[{"id":9139,"href":"https:\/\/aa-pnh.org\/vi\/wp-json\/wp\/v2\/pages\/9027\/revisions\/9139"}],"up":[{"embeddable":true,"href":"https:\/\/aa-pnh.org\/vi\/wp-json\/wp\/v2\/pages\/8967"}],"wp:attachment":[{"href":"https:\/\/aa-pnh.org\/vi\/wp-json\/wp\/v2\/media?parent=9027"}],"curies":[{"name":"wp","href":"https:\/\/api.w.org\/{rel}","templated":true}]}}